{"id":2859,"date":"2023-02-10T09:03:18","date_gmt":"2023-02-10T11:03:18","guid":{"rendered":"https:\/\/sgbsystems.eu\/produktai\/stiklines-grindys-ir-laiptai\/pertvaros-en\/"},"modified":"2023-02-10T09:20:56","modified_gmt":"2023-02-10T11:20:56","slug":"pertvaros","status":"publish","type":"page","link":"https:\/\/sgbsystems.eu\/lt\/produktai\/stiklines-grindys-ir-laiptai\/pertvaros\/","title":{"rendered":"Pertvaros"},"content":{"rendered":"<section class=\"l-section wpb_row submeniu-top height_auto type_sticky\"><div class=\"l-section-overlay\" style=\"background:#ec0b43\"><\/div><div class=\"l-section-h i-cf\"><div class=\"g-cols vc_row via_flex valign_top type_default stacking_default\"><div class=\"vc_col-sm-12 wpb_column vc_column_container\"><div class=\"vc_column-inner\"><div class=\"wpb_wrapper\"><section class=\"l-section wpb_row height_auto\"><div class=\"l-section-h i-cf\"><div class=\"g-cols vc_row via_flex valign_bottom type_default stacking_default\"><div class=\"vc_col-sm-12 wpb_column vc_column_container has_text_color\"><div class=\"vc_column-inner us_custom_6df4bc3a\"><div class=\"wpb_wrapper\"><div class=\"w-grid type_grid layout_267 cols_5\" id=\"us_grid_1\"><style>#us_grid_1 .w-grid-item{padding:0rem}#us_grid_1 .w-grid-list{margin:-0rem}.w-grid + #us_grid_1 .w-grid-list,.w-grid-none + #us_grid_1 .w-grid-list{margin-top:0rem}@media (max-width:1380px){#us_grid_1 .w-grid-item{width:33.3333%}}@media (max-width:1024px){#us_grid_1 .w-grid-item{width:33.3333%}}@media (max-width:600px){#us_grid_1 .w-grid-item{width:50%}}.layout_267 .w-grid-item-h{}.layout_267 .usg_vwrapper_1{padding-top:20px!important;padding-bottom:20px!important}.layout_267 .usg_post_custom_field_1{font-family:var(--font-body)!important}.layout_267 .usg_post_custom_field_2{margin-top:-11px!important;font-family:var(--font-body)!important;font-weight:600!important}<\/style><div class=\"w-grid-list\">\t<article class=\"w-grid-item size_1x1 post-127 page type-page status-publish has-post-thumbnail hentry\" data-id=\"127\">\r\n\t\t<div class=\"w-grid-item-h\">\r\n\t\t\t\t\t\t\t<a class=\"w-grid-item-anchor\" href=\"https:\/\/sgbsystems.eu\/lt\/produktai\/stiklo-tureklai\/\" rel=\"bookmark\" aria-label=\"Stiklo tur\u0117klai\"><\/a>\r\n\t\t\t\t\t\t<div class=\"w-vwrapper usg_vwrapper_1 align_center valign_bottom\"><div class=\"w-post-elm post_custom_field usg_post_custom_field_1 type_text plonas_meniu_tekstas\"><span class=\"w-post-elm-value\">Stiklo<\/span><\/div><div class=\"w-post-elm post_custom_field usg_post_custom_field_2 type_text storas_meniu_tekstas\"><span class=\"w-post-elm-value\">TUR\u0116KLAI<\/span><\/div><\/div>\t\t<\/div>\r\n\t<\/article>\r\n\t<article class=\"w-grid-item size_1x1 post-129 page type-page status-publish has-post-thumbnail hentry\" data-id=\"129\">\r\n\t\t<div class=\"w-grid-item-h\">\r\n\t\t\t\t\t\t\t<a class=\"w-grid-item-anchor\" href=\"https:\/\/sgbsystems.eu\/lt\/produktai\/stikliniai-stogeliai\/\" rel=\"bookmark\" aria-label=\"Stogeliai ir balkonai\"><\/a>\r\n\t\t\t\t\t\t<div class=\"w-vwrapper usg_vwrapper_1 align_center valign_bottom\"><div class=\"w-post-elm post_custom_field usg_post_custom_field_1 type_text plonas_meniu_tekstas\"><span class=\"w-post-elm-value\">Stogeliai ir<\/span><\/div><div class=\"w-post-elm post_custom_field usg_post_custom_field_2 type_text storas_meniu_tekstas\"><span class=\"w-post-elm-value\">BALKONAI<\/span><\/div><\/div>\t\t<\/div>\r\n\t<\/article>\r\n\t<article class=\"w-grid-item size_1x1 post-131 page type-page status-publish has-post-thumbnail hentry\" data-id=\"131\">\r\n\t\t<div class=\"w-grid-item-h\">\r\n\t\t\t\t\t\t\t<a class=\"w-grid-item-anchor\" href=\"https:\/\/sgbsystems.eu\/lt\/produktai\/saugus-stiklai\/\" rel=\"bookmark\" aria-label=\"Saug\u016bs stiklai\"><\/a>\r\n\t\t\t\t\t\t<div class=\"w-vwrapper usg_vwrapper_1 align_center valign_bottom\"><div class=\"w-post-elm post_custom_field usg_post_custom_field_1 type_text plonas_meniu_tekstas\"><span class=\"w-post-elm-value\">Saug\u016bs<\/span><\/div><div class=\"w-post-elm post_custom_field usg_post_custom_field_2 type_text storas_meniu_tekstas\"><span class=\"w-post-elm-value\">STIKLAI<\/span><\/div><\/div>\t\t<\/div>\r\n\t<\/article>\r\n\t<article class=\"w-grid-item size_1x1 post-133 page type-page status-publish has-post-thumbnail hentry\" data-id=\"133\">\r\n\t\t<div class=\"w-grid-item-h\">\r\n\t\t\t\t\t\t\t<a class=\"w-grid-item-anchor\" href=\"https:\/\/sgbsystems.eu\/lt\/produktai\/stiklines-grindys-ir-laiptai\/\" rel=\"bookmark\" aria-label=\"Stiklin\u0117s grindys ir laiptai\"><\/a>\r\n\t\t\t\t\t\t<div class=\"w-vwrapper usg_vwrapper_1 align_center valign_bottom\"><div class=\"w-post-elm post_custom_field usg_post_custom_field_1 type_text plonas_meniu_tekstas\"><span class=\"w-post-elm-value\">Stiklin\u0117s<\/span><\/div><div class=\"w-post-elm post_custom_field usg_post_custom_field_2 type_text storas_meniu_tekstas\"><span class=\"w-post-elm-value\">GRINDYS IR LAIPTAI<\/span><\/div><\/div>\t\t<\/div>\r\n\t<\/article>\r\n\t<article class=\"w-grid-item size_1x1 post-135 page type-page status-publish has-post-thumbnail hentry\" data-id=\"135\">\r\n\t\t<div class=\"w-grid-item-h\">\r\n\t\t\t\t\t\t\t<a class=\"w-grid-item-anchor\" href=\"https:\/\/sgbsystems.eu\/lt\/produktai\/kiti-gaminiai\/\" rel=\"bookmark\" aria-label=\"Kiti gaminiai\"><\/a>\r\n\t\t\t\t\t\t<div class=\"w-vwrapper usg_vwrapper_1 align_center valign_bottom\"><div class=\"w-post-elm post_custom_field usg_post_custom_field_1 type_text plonas_meniu_tekstas\"><span class=\"w-post-elm-value\">Kiti<\/span><\/div><div class=\"w-post-elm post_custom_field usg_post_custom_field_2 type_text storas_meniu_tekstas\"><span class=\"w-post-elm-value\">GAMINIAI<\/span><\/div><\/div>\t\t<\/div>\r\n\t<\/article>\r\n<\/div><div class=\"w-grid-preloader\"><div class=\"g-preloader type_1\">\r\n\t<div><\/div>\r\n<\/div>\r\n<\/div>\t<div class=\"w-grid-json hidden\" onclick='return {&quot;action&quot;:&quot;us_ajax_grid&quot;,&quot;ajax_url&quot;:&quot;https:\\\/\\\/sgbsystems.eu\\\/wp-admin\\\/admin-ajax.php&quot;,&quot;infinite_scroll&quot;:0,&quot;max_num_pages&quot;:1,&quot;pagination&quot;:&quot;none&quot;,&quot;permalink_url&quot;:&quot;https:\\\/\\\/sgbsystems.eu\\\/lt\\\/wp-json\\\/wp\\\/v2\\\/pages\\\/2859\\\/&quot;,&quot;template_vars&quot;:{&quot;columns&quot;:&quot;5&quot;,&quot;exclude_items&quot;:&quot;none&quot;,&quot;img_size&quot;:&quot;default&quot;,&quot;ignore_items_size&quot;:0,&quot;items_layout&quot;:&quot;267&quot;,&quot;items_offset&quot;:&quot;1&quot;,&quot;load_animation&quot;:&quot;none&quot;,&quot;overriding_link&quot;:&quot;post&quot;,&quot;post_id&quot;:251,&quot;query_args&quot;:{&quot;ignore_sticky_posts&quot;:1,&quot;post_type&quot;:&quot;any&quot;,&quot;post__in&quot;:[&quot;127&quot;,&quot;129&quot;,&quot;131&quot;,&quot;133&quot;,&quot;135&quot;],&quot;posts_per_page&quot;:&quot;5&quot;},&quot;orderby_query_args&quot;:{&quot;orderby&quot;:{&quot;menu_order&quot;:&quot;ASC&quot;},&quot;order&quot;:&quot;ASC&quot;},&quot;type&quot;:&quot;grid&quot;,&quot;us_grid_ajax_index&quot;:1,&quot;us_grid_filter_params&quot;:null,&quot;us_grid_index&quot;:1,&quot;_us_grid_post_type&quot;:&quot;ids&quot;,&quot;lang&quot;:&quot;lt&quot;}}'><\/div>\r\n\t<\/div><\/div><\/div><\/div><\/div><\/div><\/section>\n<\/div><\/div><\/div><\/div><\/div><\/section><section class=\"l-section wpb_row height_medium\" id=\"stikliniai-stogeliai\"><div class=\"l-section-h i-cf\"><div class=\"g-cols vc_row via_flex valign_top type_default stacking_default\"><div class=\"vc_col-sm-12 wpb_column vc_column_container\"><div class=\"vc_column-inner\"><div class=\"wpb_wrapper\"><\/div><\/div><\/div><\/div><\/div><\/section><section class=\"l-section wpb_row height_auto type_sticky\" id=\"stikliniai-tabai\"><div class=\"l-section-h i-cf\"><div class=\"g-cols vc_row via_flex valign_top type_default stacking_default\"><div class=\"vc_col-sm-12 wpb_column vc_column_container\"><div class=\"vc_column-inner\"><div class=\"wpb_wrapper\"><div class=\"w-grid stiklo-tureklai-tabs type_grid layout_1093 cols_2\" id=\"us_grid_2\"><style>#us_grid_2 .w-grid-item{padding:0rem}#us_grid_2 .w-grid-list{margin:-0rem}.w-grid + #us_grid_2 .w-grid-list,.w-grid-none + #us_grid_2 .w-grid-list{margin-top:0rem}@media (max-width:1024px){#us_grid_2 .w-grid-list{margin:0}#us_grid_2 .w-grid-item{width:100%;padding:0;margin-bottom:0rem}}@media (max-width:600px){#us_grid_2 .w-grid-list{margin:0}#us_grid_2 .w-grid-item{width:100%;padding:0;margin-bottom:0rem}}.layout_1093 .w-grid-item-h{}.layout_1093 .usg_post_custom_field_1{font-family:var(--font-body)!important;text-transform:uppercase!important}<\/style><div class=\"w-grid-list\">\t<article class=\"w-grid-item size_1x1 post-133 page type-page status-publish has-post-thumbnail hentry\" data-id=\"133\">\r\n\t\t<div class=\"w-grid-item-h\">\r\n\t\t\t\t\t\t\t<a class=\"w-grid-item-anchor\" href=\"https:\/\/sgbsystems.eu\/lt\/produktai\/stiklines-grindys-ir-laiptai\/\" rel=\"bookmark\" aria-label=\"Stiklin\u0117s grindys ir laiptai\"><\/a>\r\n\t\t\t\t\t\t<div class=\"w-vwrapper usg_vwrapper_1 align_center valign_middle\"><div class=\"w-post-elm post_custom_field usg_post_custom_field_1 type_text mygtuko_pavadinimas_produktuose color_link_inherit\"><a href=\"https:\/\/sgbsystems.eu\/lt\/produktai\/stiklines-grindys-ir-laiptai\/\"><span class=\"w-post-elm-value\">Stiklin\u0117s grindys ir laiptai<\/span><\/a><\/div><\/div>\t\t<\/div>\r\n\t<\/article>\r\n\t<article class=\"w-grid-item size_1x1 post-2859 page type-page status-publish hentry\" data-id=\"2859\">\r\n\t\t<div class=\"w-grid-item-h\">\r\n\t\t\t\t\t\t\t<a class=\"w-grid-item-anchor\" href=\"https:\/\/sgbsystems.eu\/lt\/produktai\/stiklines-grindys-ir-laiptai\/pertvaros\/\" rel=\"bookmark\" aria-label=\"Pertvaros\"><\/a>\r\n\t\t\t\t\t\t<div class=\"w-vwrapper usg_vwrapper_1 align_center valign_middle\"><div class=\"w-post-elm post_custom_field usg_post_custom_field_1 type_text mygtuko_pavadinimas_produktuose color_link_inherit\"><a href=\"https:\/\/sgbsystems.eu\/lt\/produktai\/stiklines-grindys-ir-laiptai\/pertvaros\/\"><span class=\"w-post-elm-value\">Pertvaros<\/span><\/a><\/div><\/div>\t\t<\/div>\r\n\t<\/article>\r\n<\/div><div class=\"w-grid-preloader\"><div class=\"g-preloader type_1\">\r\n\t<div><\/div>\r\n<\/div>\r\n<\/div>\t<div class=\"w-grid-json hidden\" onclick='return {&quot;action&quot;:&quot;us_ajax_grid&quot;,&quot;ajax_url&quot;:&quot;https:\\\/\\\/sgbsystems.eu\\\/wp-admin\\\/admin-ajax.php&quot;,&quot;infinite_scroll&quot;:0,&quot;max_num_pages&quot;:1,&quot;pagination&quot;:&quot;none&quot;,&quot;permalink_url&quot;:&quot;https:\\\/\\\/sgbsystems.eu\\\/lt\\\/wp-json\\\/wp\\\/v2\\\/pages\\\/2859\\\/&quot;,&quot;template_vars&quot;:{&quot;columns&quot;:&quot;2&quot;,&quot;exclude_items&quot;:&quot;none&quot;,&quot;img_size&quot;:&quot;default&quot;,&quot;ignore_items_size&quot;:0,&quot;items_layout&quot;:&quot;1093&quot;,&quot;items_offset&quot;:&quot;1&quot;,&quot;load_animation&quot;:&quot;none&quot;,&quot;overriding_link&quot;:&quot;post&quot;,&quot;post_id&quot;:2861,&quot;query_args&quot;:{&quot;ignore_sticky_posts&quot;:1,&quot;post_type&quot;:&quot;any&quot;,&quot;post__in&quot;:[&quot;1530&quot;,&quot;2857&quot;],&quot;posts_per_page&quot;:&quot;2&quot;},&quot;orderby_query_args&quot;:{&quot;orderby&quot;:{&quot;post__in&quot;:&quot;ASC&quot;},&quot;order&quot;:&quot;ASC&quot;},&quot;type&quot;:&quot;grid&quot;,&quot;us_grid_ajax_index&quot;:1,&quot;us_grid_filter_params&quot;:null,&quot;us_grid_index&quot;:2,&quot;_us_grid_post_type&quot;:&quot;ids&quot;,&quot;lang&quot;:&quot;lt&quot;}}'><\/div>\r\n\t<\/div>\n<\/div><\/div><\/div><\/div><\/div><\/section><section class=\"l-section wpb_row height_medium\"><div class=\"l-section-h i-cf\"><div class=\"g-cols vc_row via_flex valign_top type_default stacking_default\"><div class=\"vc_col-sm-12 wpb_column vc_column_container us_animate_afl\"><div class=\"vc_column-inner\"><div class=\"wpb_wrapper\"><div class=\"wpb_text_column\"><div class=\"wpb_wrapper\"><h4>Pertvaros<\/h4>\n<\/div><\/div><\/div><\/div><\/div><\/div><\/div><\/section><section class=\"l-section wpb_row height_small\"><div class=\"l-section-overlay\" style=\"background:#f1f1f1\"><\/div><div class=\"l-section-h i-cf\"><div class=\"g-cols vc_row via_flex valign_top type_default stacking_default\"><div class=\"vc_col-sm-12 wpb_column vc_column_container\"><div class=\"vc_column-inner\"><div class=\"wpb_wrapper\"><div class=\"w-separator size_small\"><\/div><div class=\"wpb_text_column ul-li-stilius\"><div class=\"wpb_wrapper\"><p>With the development of today&#8217;s technologies, new perspectives on glass are opening up. Few design features are as striking or as impressive as a glass floor \u2013 and the extra light that floods through a glass floor can transform a room into an open and airy space.<\/p>\n<p>Glass flooring is today an exclusive design element. Even replacing a small portion of ordinary floor glass can greatly alter the design of the room, and give a greater sense of space. This increases the volume of the room. It is perfect solution for low light buildings that allows you to enjoy a daylight.<br \/>\nSpecial anti-slip coating makes it easy to walk on while clear laminated glass ensures safety. Upon request of thermal insulation we can also produce an insulated glass unit which can be used to walk on.<\/p>\n<p>Glass staircases are an extraordinary solution in the interior of a room. However, this is not always intended to surprise your guest. This can be a great or even the only source of light in the room at the bottom part of the building.<\/p>\n<\/div><\/div><\/div><\/div><\/div><\/div><\/div><\/section><section class=\"l-section wpb_row height_small\"><div class=\"l-section-overlay\" style=\"background:#f1f1f1\"><\/div><div class=\"l-section-h i-cf\"><div class=\"g-cols vc_row via_flex valign_top type_default stacking_default\"><div class=\"vc_col-sm-12 wpb_column vc_column_container\"><div class=\"vc_column-inner\"><div class=\"wpb_wrapper\"><div class=\"wpb_text_column\"><div class=\"wpb_wrapper\"><p><a ref=\"magnificPopup\" href=\"http:\/\/sgbsystems.eu\/wp-content\/uploads\/2019\/05\/image23.jpg\"><img decoding=\"async\" loading=\"lazy\" class=\"alignnone wp-image-955\" src=\"http:\/\/sgbsystems.eu\/wp-content\/uploads\/2019\/05\/image23.jpg\" alt=\"\" width=\"331\" height=\"220\" srcset=\"https:\/\/sgbsystems.eu\/wp-content\/uploads\/2019\/05\/image23.jpg 340w, https:\/\/sgbsystems.eu\/wp-content\/uploads\/2019\/05\/image23-300x199.jpg 300w, https:\/\/sgbsystems.eu\/wp-content\/uploads\/2019\/05\/image23-160x106.jpg 160w, https:\/\/sgbsystems.eu\/wp-content\/uploads\/2019\/05\/image23-140x93.jpg 140w, https:\/\/sgbsystems.eu\/wp-content\/uploads\/2019\/05\/image23-100x66.jpg 100w, https:\/\/sgbsystems.eu\/wp-content\/uploads\/2019\/05\/image23-331x220.jpg 331w, https:\/\/sgbsystems.eu\/wp-content\/uploads\/2019\/05\/image23-293x195.jpg 293w\" sizes=\"(max-width: 331px) 100vw, 331px\" \/> \u00a0<\/a><a ref=\"magnificPopup\" href=\"http:\/\/sgbsystems.eu\/wp-content\/uploads\/2019\/05\/image24.jpg\"><img decoding=\"async\" loading=\"lazy\" class=\"alignnone wp-image-954\" src=\"http:\/\/sgbsystems.eu\/wp-content\/uploads\/2019\/05\/image24.jpg\" alt=\"\" width=\"335\" height=\"220\" srcset=\"https:\/\/sgbsystems.eu\/wp-content\/uploads\/2019\/05\/image24.jpg 335w, https:\/\/sgbsystems.eu\/wp-content\/uploads\/2019\/05\/image24-300x197.jpg 300w, https:\/\/sgbsystems.eu\/wp-content\/uploads\/2019\/05\/image24-160x105.jpg 160w, https:\/\/sgbsystems.eu\/wp-content\/uploads\/2019\/05\/image24-140x92.jpg 140w, https:\/\/sgbsystems.eu\/wp-content\/uploads\/2019\/05\/image24-100x66.jpg 100w, https:\/\/sgbsystems.eu\/wp-content\/uploads\/2019\/05\/image24-297x195.jpg 297w\" sizes=\"(max-width: 335px) 100vw, 335px\" \/> \u00a0<\/a><a ref=\"magnificPopup\" href=\"http:\/\/sgbsystems.eu\/wp-content\/uploads\/2019\/05\/image22.jpg\"><img decoding=\"async\" loading=\"lazy\" class=\"alignnone wp-image-953 size-full\" src=\"http:\/\/sgbsystems.eu\/wp-content\/uploads\/2019\/05\/image22.jpg\" alt=\"\" width=\"306\" height=\"220\" srcset=\"https:\/\/sgbsystems.eu\/wp-content\/uploads\/2019\/05\/image22.jpg 306w, https:\/\/sgbsystems.eu\/wp-content\/uploads\/2019\/05\/image22-300x216.jpg 300w, https:\/\/sgbsystems.eu\/wp-content\/uploads\/2019\/05\/image22-160x115.jpg 160w, https:\/\/sgbsystems.eu\/wp-content\/uploads\/2019\/05\/image22-140x101.jpg 140w, https:\/\/sgbsystems.eu\/wp-content\/uploads\/2019\/05\/image22-100x72.jpg 100w, https:\/\/sgbsystems.eu\/wp-content\/uploads\/2019\/05\/image22-271x195.jpg 271w\" sizes=\"(max-width: 306px) 100vw, 306px\" \/><\/a><\/p>\n<\/div><\/div><\/div><\/div><\/div><\/div><\/div><\/section><section class=\"l-section wpb_row height_small\"><div class=\"l-section-overlay\" style=\"background:#f1f1f1\"><\/div><div class=\"l-section-h i-cf\"><div class=\"g-cols vc_row via_flex valign_top type_default stacking_default\"><div class=\"vc_col-sm-12 wpb_column vc_column_container\"><div class=\"vc_column-inner\"><div class=\"wpb_wrapper\"><div class=\"wpb_text_column produktu-techniniai-pavadinimai\"><div class=\"wpb_wrapper\"><p>Key features<\/p>\n<\/div><\/div><div class=\"wpb_text_column ul-li-stilius\"><div class=\"wpb_wrapper\"><ul>\n<li>simple, elegant and minimalist solution in dark and dim buildings;<\/li>\n<li>thick glass perfectly insulates sound;<\/li>\n<li>custom glass dimensions available;<\/li>\n<li>glass floor or staircase will increase the space in the room and will also provide more light in the spaces below;<\/li>\n<li>thermal insulation for insulated glass unit.<\/li>\n<\/ul>\n<\/div><\/div><\/div><\/div><\/div><\/div><\/div><\/section><section class=\"l-section wpb_row height_small\"><div class=\"l-section-overlay\" style=\"background:#f1f1f1\"><\/div><div class=\"l-section-h i-cf\"><div class=\"g-cols vc_row via_flex valign_top type_default stacking_default\"><div class=\"vc_col-sm-12 wpb_column vc_column_container\"><div class=\"vc_column-inner\"><div class=\"wpb_wrapper\"><div class=\"wpb_text_column produktu-techniniai-pavadinimai\"><div class=\"wpb_wrapper\"><p>Standarts<\/p>\n<\/div><\/div><div class=\"wpb_text_column ul-li-stilius\"><div class=\"wpb_wrapper\"><ul>\n<li>EN12543<\/li>\n<li>EN14449<\/li>\n<li>CE<\/li>\n<\/ul>\n<\/div><\/div><div class=\"w-separator size_small\"><\/div><\/div><\/div><\/div><\/div><\/div><\/section><section class=\"l-section wpb_row height_small\"><div class=\"l-section-overlay\" style=\"background:#f1f1f1\"><\/div><div class=\"l-section-h i-cf\"><div class=\"g-cols vc_row via_flex valign_top type_default stacking_default\"><div class=\"vc_col-sm-12 wpb_column vc_column_container\"><div class=\"vc_column-inner\"><div class=\"wpb_wrapper\"><div class=\"w-popup ul-li-stilius w-btn-wrapper align_none\"><button aria-label=\"Download PDF Files\" class=\"w-popup-trigger type_btn w-btn us-btn-style_3 icon_atleft\"><i class=\"far fa-file-pdf\"><\/i><span class=\"w-btn-label\">Download PDF Files<\/span><\/button><div class=\"w-popup-overlay\" style=\"background:rgba(0,0,0,0.6);\"><\/div><div class=\"w-popup-wrap\" style=\"--title-color:var(--color-content-heading);--title-bg-color:var(--color-content-bg-alt);--content-color:#333333;--content-bg-color:#ffffff\"><div class=\"w-popup-box animation_fadeIn closerpos_outside without_title\" style=\"width:600px;\"><div class=\"w-popup-box-h\"><div class=\"w-popup-box-content\" style=\"padding:5%;\"><ul>\n<li><a href=\"http:\/\/sgbsystems.eu\/wp-content\/uploads\/2019\/05\/pavyzdinis-pdf-failas.pdf\" target=\"_blank\" rel=\"noopener noreferrer\">Failo pavadinimas [PDF]<\/a><\/li>\n<li><a href=\"http:\/\/sgbsystems.eu\/wp-content\/uploads\/2019\/05\/pavyzdinis-pdf-failas.pdf\" target=\"_blank\" rel=\"noopener noreferrer\">Failo pavadinimas [PDF]<\/a><\/li>\n<li><a href=\"http:\/\/sgbsystems.eu\/wp-content\/uploads\/2019\/05\/pavyzdinis-pdf-failas.pdf\" target=\"_blank\" rel=\"noopener noreferrer\">Failo pavadinimas [PDF]<\/a><\/li>\n<li><a href=\"http:\/\/sgbsystems.eu\/wp-content\/uploads\/2019\/05\/pavyzdinis-pdf-failas.pdf\" target=\"_blank\" rel=\"noopener noreferrer\">Failo pavadinimas [PDF]<\/a><\/li>\n<\/ul>\n<\/div><\/div><\/div><div class=\"w-popup-closer\"><\/div><\/div><\/div><div class=\"w-separator size_small\"><\/div><\/div><\/div><\/div><\/div><\/div><\/section>\n","protected":false},"excerpt":{"rendered":"StikloTUR\u0116KLAI Stogeliai irBALKONAI Saug\u016bsSTIKLAI Stiklin\u0117sGRINDYS IR LAIPTAI KitiGAMINIAI Stiklin\u0117s grindys ir laiptai Pertvaros Pertvaros With the development of today&#8217;s technologies, new perspectives on glass are opening up. Few design features are as striking or as impressive as a glass floor \u2013 and the extra light that floods through a glass floor can transform a room...","protected":false},"author":1,"featured_media":0,"parent":133,"menu_order":0,"comment_status":"closed","ping_status":"closed","template":"","meta":[],"acf":[],"yoast_head":"<!-- This site is optimized with the Yoast SEO plugin v20.1 - https:\/\/yoast.com\/wordpress\/plugins\/seo\/ -->\n<title>Pertvaros - SGB<\/title>\n<meta name=\"robots\" content=\"index, follow, max-snippet:-1, max-image-preview:large, max-video-preview:-1\" \/>\n<link rel=\"canonical\" href=\"https:\/\/sgbsystems.eu\/lt\/produktai\/stiklines-grindys-ir-laiptai\/pertvaros\/\" \/>\n<meta property=\"og:locale\" content=\"lt_LT\" \/>\n<meta property=\"og:type\" content=\"article\" \/>\n<meta property=\"og:title\" content=\"Pertvaros - SGB\" \/>\n<meta property=\"og:url\" content=\"https:\/\/sgbsystems.eu\/lt\/produktai\/stiklines-grindys-ir-laiptai\/pertvaros\/\" \/>\n<meta property=\"og:site_name\" content=\"SGB\" \/>\n<meta property=\"article:modified_time\" content=\"2023-02-10T11:20:56+00:00\" \/>\n<meta property=\"og:image\" content=\"http:\/\/sgbsystems.eu\/wp-content\/uploads\/2019\/05\/image23.jpg\" \/>\n<meta name=\"twitter:card\" content=\"summary_large_image\" \/>\n<meta name=\"twitter:label1\" content=\"Est. reading time\" \/>\n\t<meta name=\"twitter:data1\" content=\"2 minut\u0117s\" \/>\n<script type=\"application\/ld+json\" class=\"yoast-schema-graph\">{\"@context\":\"https:\/\/schema.org\",\"@graph\":[{\"@type\":\"WebPage\",\"@id\":\"https:\/\/sgbsystems.eu\/lt\/produktai\/stiklines-grindys-ir-laiptai\/pertvaros\/\",\"url\":\"https:\/\/sgbsystems.eu\/lt\/produktai\/stiklines-grindys-ir-laiptai\/pertvaros\/\",\"name\":\"Pertvaros - SGB\",\"isPartOf\":{\"@id\":\"https:\/\/sgbsystems.eu\/#website\"},\"datePublished\":\"2023-02-10T11:03:18+00:00\",\"dateModified\":\"2023-02-10T11:20:56+00:00\",\"breadcrumb\":{\"@id\":\"https:\/\/sgbsystems.eu\/lt\/produktai\/stiklines-grindys-ir-laiptai\/pertvaros\/#breadcrumb\"},\"inLanguage\":\"lt-LT\",\"potentialAction\":[{\"@type\":\"ReadAction\",\"target\":[\"https:\/\/sgbsystems.eu\/lt\/produktai\/stiklines-grindys-ir-laiptai\/pertvaros\/\"]}]},{\"@type\":\"BreadcrumbList\",\"@id\":\"https:\/\/sgbsystems.eu\/lt\/produktai\/stiklines-grindys-ir-laiptai\/pertvaros\/#breadcrumb\",\"itemListElement\":[{\"@type\":\"ListItem\",\"position\":1,\"name\":\"Home\",\"item\":\"https:\/\/sgbsystems.eu\/lt\/\"},{\"@type\":\"ListItem\",\"position\":2,\"name\":\"Produktai\",\"item\":\"https:\/\/sgbsystems.eu\/lt\/produktai\/\"},{\"@type\":\"ListItem\",\"position\":3,\"name\":\"Stiklin\u0117s grindys ir laiptai\",\"item\":\"https:\/\/sgbsystems.eu\/lt\/produktai\/stiklines-grindys-ir-laiptai\/\"},{\"@type\":\"ListItem\",\"position\":4,\"name\":\"Pertvaros\"}]},{\"@type\":\"WebSite\",\"@id\":\"https:\/\/sgbsystems.eu\/#website\",\"url\":\"https:\/\/sgbsystems.eu\/\",\"name\":\"SGB\",\"description\":\"STEEL GLASS BALUSTRDE\",\"potentialAction\":[{\"@type\":\"SearchAction\",\"target\":{\"@type\":\"EntryPoint\",\"urlTemplate\":\"https:\/\/sgbsystems.eu\/?s={search_term_string}\"},\"query-input\":\"required name=search_term_string\"}],\"inLanguage\":\"lt-LT\"}]}<\/script>\n<!-- \/ Yoast SEO plugin. -->","yoast_head_json":{"title":"Pertvaros - SGB","robots":{"index":"index","follow":"follow","max-snippet":"max-snippet:-1","max-image-preview":"max-image-preview:large","max-video-preview":"max-video-preview:-1"},"canonical":"https:\/\/sgbsystems.eu\/lt\/produktai\/stiklines-grindys-ir-laiptai\/pertvaros\/","og_locale":"lt_LT","og_type":"article","og_title":"Pertvaros - SGB","og_url":"https:\/\/sgbsystems.eu\/lt\/produktai\/stiklines-grindys-ir-laiptai\/pertvaros\/","og_site_name":"SGB","article_modified_time":"2023-02-10T11:20:56+00:00","og_image":[{"url":"http:\/\/sgbsystems.eu\/wp-content\/uploads\/2019\/05\/image23.jpg"}],"twitter_card":"summary_large_image","twitter_misc":{"Est. reading time":"2 minut\u0117s"},"schema":{"@context":"https:\/\/schema.org","@graph":[{"@type":"WebPage","@id":"https:\/\/sgbsystems.eu\/lt\/produktai\/stiklines-grindys-ir-laiptai\/pertvaros\/","url":"https:\/\/sgbsystems.eu\/lt\/produktai\/stiklines-grindys-ir-laiptai\/pertvaros\/","name":"Pertvaros - SGB","isPartOf":{"@id":"https:\/\/sgbsystems.eu\/#website"},"datePublished":"2023-02-10T11:03:18+00:00","dateModified":"2023-02-10T11:20:56+00:00","breadcrumb":{"@id":"https:\/\/sgbsystems.eu\/lt\/produktai\/stiklines-grindys-ir-laiptai\/pertvaros\/#breadcrumb"},"inLanguage":"lt-LT","potentialAction":[{"@type":"ReadAction","target":["https:\/\/sgbsystems.eu\/lt\/produktai\/stiklines-grindys-ir-laiptai\/pertvaros\/"]}]},{"@type":"BreadcrumbList","@id":"https:\/\/sgbsystems.eu\/lt\/produktai\/stiklines-grindys-ir-laiptai\/pertvaros\/#breadcrumb","itemListElement":[{"@type":"ListItem","position":1,"name":"Home","item":"https:\/\/sgbsystems.eu\/lt\/"},{"@type":"ListItem","position":2,"name":"Produktai","item":"https:\/\/sgbsystems.eu\/lt\/produktai\/"},{"@type":"ListItem","position":3,"name":"Stiklin\u0117s grindys ir laiptai","item":"https:\/\/sgbsystems.eu\/lt\/produktai\/stiklines-grindys-ir-laiptai\/"},{"@type":"ListItem","position":4,"name":"Pertvaros"}]},{"@type":"WebSite","@id":"https:\/\/sgbsystems.eu\/#website","url":"https:\/\/sgbsystems.eu\/","name":"SGB","description":"STEEL GLASS BALUSTRDE","potentialAction":[{"@type":"SearchAction","target":{"@type":"EntryPoint","urlTemplate":"https:\/\/sgbsystems.eu\/?s={search_term_string}"},"query-input":"required name=search_term_string"}],"inLanguage":"lt-LT"}]}},"_links":{"self":[{"href":"https:\/\/sgbsystems.eu\/lt\/wp-json\/wp\/v2\/pages\/2859"}],"collection":[{"href":"https:\/\/sgbsystems.eu\/lt\/wp-json\/wp\/v2\/pages"}],"about":[{"href":"https:\/\/sgbsystems.eu\/lt\/wp-json\/wp\/v2\/types\/page"}],"author":[{"embeddable":true,"href":"https:\/\/sgbsystems.eu\/lt\/wp-json\/wp\/v2\/users\/1"}],"replies":[{"embeddable":true,"href":"https:\/\/sgbsystems.eu\/lt\/wp-json\/wp\/v2\/comments?post=2859"}],"version-history":[{"count":4,"href":"https:\/\/sgbsystems.eu\/lt\/wp-json\/wp\/v2\/pages\/2859\/revisions"}],"predecessor-version":[{"id":2867,"href":"https:\/\/sgbsystems.eu\/lt\/wp-json\/wp\/v2\/pages\/2859\/revisions\/2867"}],"up":[{"embeddable":true,"href":"https:\/\/sgbsystems.eu\/lt\/wp-json\/wp\/v2\/pages\/133"}],"wp:attachment":[{"href":"https:\/\/sgbsystems.eu\/lt\/wp-json\/wp\/v2\/media?parent=2859"}],"curies":[{"name":"wp","href":"https:\/\/api.w.org\/{rel}","templated":true}]}}