{"id":15,"date":"2019-05-02T08:26:07","date_gmt":"2019-05-02T10:26:07","guid":{"rendered":"http:\/\/sgb-new.keyboart.lt\/?page_id=15"},"modified":"2020-10-23T08:03:24","modified_gmt":"2020-10-23T10:03:24","slug":"apie-mus","status":"publish","type":"page","link":"https:\/\/sgbsystems.eu\/lt\/apie-mus\/","title":{"rendered":"Apie mus"},"content":{"rendered":"<section class=\"l-section wpb_row height_auto width_full\"><div class=\"l-section-h i-cf\"><div class=\"g-cols vc_row via_flex valign_top type_default stacking_default\"><div class=\"vc_col-sm-12 wpb_column vc_column_container\"><div class=\"vc_column-inner\"><div class=\"wpb_wrapper\"><div class=\"w-image align_center\"><div class=\"w-image-h\"><img width=\"1920\" height=\"749\" src=\"https:\/\/sgbsystems.eu\/wp-content\/uploads\/2019\/08\/SGB-apie-mus-web-n.jpg\" class=\"attachment-full size-full\" alt=\"\" decoding=\"async\" loading=\"lazy\" srcset=\"https:\/\/sgbsystems.eu\/wp-content\/uploads\/2019\/08\/SGB-apie-mus-web-n.jpg 1920w, https:\/\/sgbsystems.eu\/wp-content\/uploads\/2019\/08\/SGB-apie-mus-web-n-300x117.jpg 300w, https:\/\/sgbsystems.eu\/wp-content\/uploads\/2019\/08\/SGB-apie-mus-web-n-1024x399.jpg 1024w, https:\/\/sgbsystems.eu\/wp-content\/uploads\/2019\/08\/SGB-apie-mus-web-n-160x62.jpg 160w, https:\/\/sgbsystems.eu\/wp-content\/uploads\/2019\/08\/SGB-apie-mus-web-n-140x55.jpg 140w, https:\/\/sgbsystems.eu\/wp-content\/uploads\/2019\/08\/SGB-apie-mus-web-n-100x39.jpg 100w, https:\/\/sgbsystems.eu\/wp-content\/uploads\/2019\/08\/SGB-apie-mus-web-n-564x220.jpg 564w, https:\/\/sgbsystems.eu\/wp-content\/uploads\/2019\/08\/SGB-apie-mus-web-n-500x195.jpg 500w, https:\/\/sgbsystems.eu\/wp-content\/uploads\/2019\/08\/SGB-apie-mus-web-n-460x179.jpg 460w\" sizes=\"(max-width: 1920px) 100vw, 1920px\" \/><\/div><\/div><\/div><\/div><\/div><\/div><\/div><\/section><section class=\"l-section wpb_row height_small\"><div class=\"l-section-h i-cf\"><div class=\"g-cols vc_row via_flex valign_top type_default stacking_default\"><div class=\"vc_col-sm-12 wpb_column vc_column_container us_animate_afl\"><div class=\"vc_column-inner\"><div class=\"wpb_wrapper\"><div class=\"wpb_text_column\"><div class=\"wpb_wrapper\"><h4 style=\"text-align: center;\">Apie mus<\/h4>\n<\/div><\/div><div class=\"w-separator size_custom\" style=\"height:10px\"><\/div><div class=\"wpb_text_column apie-mus-virs-tekstas\"><div class=\"wpb_wrapper\"><p style=\"text-align: center;\">\u012emon\u0117 UAB &#8222;SGB SYSTEMS&#8221; \u012fkurta 2012 metais. \u012emon\u0117 nuolat auga ir ple\u010dia savo veikl\u0105.<\/p>\n<\/div><\/div><div class=\"wpb_text_column apie-mus-virs-tekstas raudonas-tekstas\"><div class=\"wpb_wrapper\"><p style=\"text-align: center;\">Pagrindin\u0117 \u012fmon\u0117s veikla &#8211; stiklini\u0173 pertvar\u0173, stiklini\u0173 tur\u0117kl\u0173, stogeli\u0173 bei kit\u0173 gamini\u0173 projektavimas pardavimas.<\/p>\n<\/div><\/div><div class=\"w-separator size_small\"><\/div><div class=\"wpb_text_column\"><div class=\"wpb_wrapper\"><h4 style=\"text-align: center;\">Pagrindin\u012f d\u0117mes\u012f skiriame<\/h4>\n<\/div><\/div><div class=\"w-separator size_large\" id=\"a321\"><style>@media(max-width:600px){ #a321{height:0px!important}}<\/style><\/div><div class=\"w-separator size_medium\" id=\"x3e6\"><style>@media(max-width:1024px){ #x3e6{height:0px!important}}@media(max-width:600px){ #x3e6{height:0px!important}}<\/style><\/div><\/div><\/div><\/div><\/div><\/div><\/section><section class=\"l-section wpb_row punktai-pagrindinis height_auto\"><div class=\"l-section-h i-cf\"><div class=\"g-cols vc_row via_flex valign_bottom type_default stacking_default\" style=\"--additional-gap:10px;\"><div class=\"vc_col-sm-3 wpb_column vc_column_container ikoneles-fonas-tituliniame has_text_color has_bg_color\"><div class=\"vc_column-inner us_custom_3a284f3e\"><div class=\"wpb_wrapper\"><div class=\"w-iconbox iconpos_top style_default color_primary align_center icontype_img\"><div class=\"w-iconbox-icon\" style=\"font-size:150px;\"><img width=\"190\" height=\"190\" src=\"https:\/\/sgbsystems.eu\/wp-content\/uploads\/2019\/05\/01-Gaminio-kokybei.png\" class=\"attachment-full size-full\" alt=\"01 - Gaminio-kokybei\" decoding=\"async\" loading=\"lazy\" srcset=\"https:\/\/sgbsystems.eu\/wp-content\/uploads\/2019\/05\/01-Gaminio-kokybei.png 190w, https:\/\/sgbsystems.eu\/wp-content\/uploads\/2019\/05\/01-Gaminio-kokybei-150x150.png 150w, https:\/\/sgbsystems.eu\/wp-content\/uploads\/2019\/05\/01-Gaminio-kokybei-160x160.png 160w, https:\/\/sgbsystems.eu\/wp-content\/uploads\/2019\/05\/01-Gaminio-kokybei-140x140.png 140w, https:\/\/sgbsystems.eu\/wp-content\/uploads\/2019\/05\/01-Gaminio-kokybei-100x100.png 100w\" sizes=\"(max-width: 190px) 100vw, 190px\" \/><\/div><div class=\"w-iconbox-meta\"><p class=\"w-iconbox-title\">Gaminio<\/p><div class=\"w-iconbox-text\"><p>Kokybei<\/p>\n<\/div><\/div><\/div><\/div><\/div><\/div><div class=\"vc_col-sm-3 wpb_column vc_column_container ikoneles-fonas-tituliniame has_text_color has_bg_color\"><div class=\"vc_column-inner us_custom_3a284f3e\"><div class=\"wpb_wrapper\"><div class=\"w-iconbox iconpos_top style_default color_primary align_center icontype_img\"><div class=\"w-iconbox-icon\" style=\"font-size:150px;\"><img width=\"190\" height=\"190\" src=\"https:\/\/sgbsystems.eu\/wp-content\/uploads\/2019\/05\/02-Greitam-ir-kokybiskas-aptarnavimui.png\" class=\"attachment-full size-full\" alt=\"02 - Greitam-ir-kokybiskas-aptarnavimui\" decoding=\"async\" loading=\"lazy\" srcset=\"https:\/\/sgbsystems.eu\/wp-content\/uploads\/2019\/05\/02-Greitam-ir-kokybiskas-aptarnavimui.png 190w, https:\/\/sgbsystems.eu\/wp-content\/uploads\/2019\/05\/02-Greitam-ir-kokybiskas-aptarnavimui-150x150.png 150w, https:\/\/sgbsystems.eu\/wp-content\/uploads\/2019\/05\/02-Greitam-ir-kokybiskas-aptarnavimui-160x160.png 160w, https:\/\/sgbsystems.eu\/wp-content\/uploads\/2019\/05\/02-Greitam-ir-kokybiskas-aptarnavimui-140x140.png 140w, https:\/\/sgbsystems.eu\/wp-content\/uploads\/2019\/05\/02-Greitam-ir-kokybiskas-aptarnavimui-100x100.png 100w\" sizes=\"(max-width: 190px) 100vw, 190px\" \/><\/div><div class=\"w-iconbox-meta\"><p class=\"w-iconbox-title\">Greitam ir kokybi\u0161kam<\/p><div class=\"w-iconbox-text\"><p>Aptarnavimui<\/p>\n<\/div><\/div><\/div><\/div><\/div><\/div><div class=\"vc_col-sm-3 wpb_column vc_column_container ikoneles-fonas-tituliniame has_text_color has_bg_color\"><div class=\"vc_column-inner us_custom_3a284f3e\"><div class=\"wpb_wrapper\"><div class=\"w-iconbox iconpos_top style_default color_primary align_center icontype_img\"><div class=\"w-iconbox-icon\" style=\"font-size:150px;\"><img width=\"190\" height=\"190\" src=\"https:\/\/sgbsystems.eu\/wp-content\/uploads\/2019\/05\/03-Individualiu-sprendimu-paieskai.png\" class=\"attachment-full size-full\" alt=\"03 - Individualiu-sprendimu-paieskai\" decoding=\"async\" loading=\"lazy\" srcset=\"https:\/\/sgbsystems.eu\/wp-content\/uploads\/2019\/05\/03-Individualiu-sprendimu-paieskai.png 190w, https:\/\/sgbsystems.eu\/wp-content\/uploads\/2019\/05\/03-Individualiu-sprendimu-paieskai-150x150.png 150w, https:\/\/sgbsystems.eu\/wp-content\/uploads\/2019\/05\/03-Individualiu-sprendimu-paieskai-160x160.png 160w, https:\/\/sgbsystems.eu\/wp-content\/uploads\/2019\/05\/03-Individualiu-sprendimu-paieskai-140x140.png 140w, https:\/\/sgbsystems.eu\/wp-content\/uploads\/2019\/05\/03-Individualiu-sprendimu-paieskai-100x100.png 100w\" sizes=\"(max-width: 190px) 100vw, 190px\" \/><\/div><div class=\"w-iconbox-meta\"><p class=\"w-iconbox-title\">Individuali\u0173<\/p><div class=\"w-iconbox-text\"><p>Sprendim\u0173 paie\u0161kai<\/p>\n<\/div><\/div><\/div><\/div><\/div><\/div><div class=\"vc_col-sm-3 wpb_column vc_column_container ikoneles-fonas-tituliniame has_text_color has_bg_color\"><div class=\"vc_column-inner us_custom_3a284f3e\"><div class=\"wpb_wrapper\"><div class=\"w-iconbox iconpos_top style_default color_primary align_center icontype_img\"><div class=\"w-iconbox-icon\" style=\"font-size:150px;\"><img width=\"190\" height=\"190\" src=\"https:\/\/sgbsystems.eu\/wp-content\/uploads\/2019\/05\/04-Profesionaliam-igyvendinimui-1.png\" class=\"attachment-full size-full\" alt=\"04 - Profesionaliam-igyvendinimui\" decoding=\"async\" loading=\"lazy\" srcset=\"https:\/\/sgbsystems.eu\/wp-content\/uploads\/2019\/05\/04-Profesionaliam-igyvendinimui-1.png 190w, https:\/\/sgbsystems.eu\/wp-content\/uploads\/2019\/05\/04-Profesionaliam-igyvendinimui-1-150x150.png 150w, https:\/\/sgbsystems.eu\/wp-content\/uploads\/2019\/05\/04-Profesionaliam-igyvendinimui-1-160x160.png 160w, https:\/\/sgbsystems.eu\/wp-content\/uploads\/2019\/05\/04-Profesionaliam-igyvendinimui-1-140x140.png 140w, https:\/\/sgbsystems.eu\/wp-content\/uploads\/2019\/05\/04-Profesionaliam-igyvendinimui-1-100x100.png 100w\" sizes=\"(max-width: 190px) 100vw, 190px\" \/><\/div><div class=\"w-iconbox-meta\"><p class=\"w-iconbox-title\">Profesionaliam<\/p><div class=\"w-iconbox-text\"><p>\u012egyvendinimui<\/p>\n<\/div><\/div><\/div><\/div><\/div><\/div><\/div><\/div><\/section><section class=\"l-section wpb_row bg-silver-top height_medium\"><div class=\"l-section-overlay\" style=\"background:#f1f1f1\"><\/div><div class=\"l-section-h i-cf\"><div class=\"g-cols vc_row via_flex valign_top type_default stacking_default\"><div class=\"vc_col-sm-12 wpb_column vc_column_container\"><div class=\"vc_column-inner\"><div class=\"wpb_wrapper\"><div class=\"w-separator size_medium\"><\/div><\/div><\/div><\/div><\/div><\/div><\/section><section class=\"l-section wpb_row height_medium\"><div class=\"l-section-overlay\" style=\"background:#f1f1f1\"><\/div><div class=\"l-section-h i-cf\"><div class=\"g-cols vc_row via_flex valign_top type_default stacking_default\"><div class=\"vc_col-sm-12 wpb_column vc_column_container us_animate_afl\"><div class=\"vc_column-inner\"><div class=\"wpb_wrapper\"><div class=\"wpb_text_column\"><div class=\"wpb_wrapper\"><p style=\"text-align: center;\">\u012emon\u0117je dirba patyr\u0119 specialistai kurie nuolat tobulina savo \u017einias ir kelia kvalifikacij\u0105.<\/p>\n<p style=\"text-align: center;\"><strong>Vieningai dirbamas kolektyvas savo darbu ir po\u017ei\u016briu kompanijos sukauptas \u017einias<\/strong><br \/>\n<strong>paver\u010dia konkre\u010dia nauda klientui.<\/strong><\/p>\n<p style=\"text-align: center;\">Sukaupta didel\u0117 darbo patirtis \u012fgyvendinant \u012fvairius projektus priva\u010di\u0173 nam\u0173,<br \/>\nkomercin\u0117s bei visuomenin\u0117s paskirties objektuose.<\/p>\n<\/div><\/div><div class=\"wpb_text_column\"><div class=\"wpb_wrapper\"><h4 style=\"text-align: center;\">Parduodame gaminius ne tik Lietuvoje, bet eksportuojame ir \u012f kitas pasaulio \u0161alis.<\/h4>\n<\/div><\/div><div class=\"wpb_text_column text-top-margin\"><div class=\"wpb_wrapper\"><p style=\"text-align: center;\">Daugiausiai specializuojam\u0117s Skandinavijos \u0161alyse, Pranc\u016bzijoje bei Jungtin\u0117je Karalyst\u0117je.<\/p>\n<\/div><\/div><div class=\"w-separator size_medium\"><\/div><div class=\"w-image align_center\"><div class=\"w-image-h\"><img width=\"618\" height=\"617\" src=\"https:\/\/sgbsystems.eu\/wp-content\/uploads\/2019\/05\/zemelapis.png\" class=\"attachment-full size-full\" alt=\"Zemelapis\" decoding=\"async\" loading=\"lazy\" srcset=\"https:\/\/sgbsystems.eu\/wp-content\/uploads\/2019\/05\/zemelapis.png 618w, https:\/\/sgbsystems.eu\/wp-content\/uploads\/2019\/05\/zemelapis-150x150.png 150w, https:\/\/sgbsystems.eu\/wp-content\/uploads\/2019\/05\/zemelapis-300x300.png 300w, https:\/\/sgbsystems.eu\/wp-content\/uploads\/2019\/05\/zemelapis-350x350.png 350w, https:\/\/sgbsystems.eu\/wp-content\/uploads\/2019\/05\/zemelapis-600x600.png 600w, https:\/\/sgbsystems.eu\/wp-content\/uploads\/2019\/05\/zemelapis-160x160.png 160w, https:\/\/sgbsystems.eu\/wp-content\/uploads\/2019\/05\/zemelapis-140x140.png 140w, https:\/\/sgbsystems.eu\/wp-content\/uploads\/2019\/05\/zemelapis-100x100.png 100w, https:\/\/sgbsystems.eu\/wp-content\/uploads\/2019\/05\/zemelapis-220x220.png 220w, https:\/\/sgbsystems.eu\/wp-content\/uploads\/2019\/05\/zemelapis-195x195.png 195w, https:\/\/sgbsystems.eu\/wp-content\/uploads\/2019\/05\/zemelapis-200x200.png 200w, https:\/\/sgbsystems.eu\/wp-content\/uploads\/2019\/05\/zemelapis-317x316.png 317w\" sizes=\"(max-width: 618px) 100vw, 618px\" \/><\/div><\/div><\/div><\/div><\/div><\/div><\/div><\/section><section class=\"l-section wpb_row height_medium\"><div class=\"l-section-h i-cf\"><div class=\"g-cols vc_row via_flex valign_top type_default stacking_default\"><div class=\"vc_col-sm-12 wpb_column vc_column_container us_animate_afl\"><div class=\"vc_column-inner\"><div class=\"wpb_wrapper\"><div class=\"wpb_text_column padding-apie-mus-tekstas\"><div class=\"wpb_wrapper\"><p style=\"text-align: center;\">UAB \u201eSGB Systems\u201c gaminami atitinka (STANDARTAS) taikom\u0173 Europos direktyv\u0173 ir privalomus saugos reikalavimus. Visiems m\u016bs\u0173 gaminiams yra suteikiama garantija.<\/p>\n<\/div><\/div><div class=\"w-separator size_small\"><\/div><div class=\"w-image align_center\"><div class=\"w-image-h\"><img width=\"132\" height=\"132\" src=\"https:\/\/sgbsystems.eu\/wp-content\/uploads\/2019\/05\/h-m_large.png\" class=\"attachment-full size-full\" alt=\"\" decoding=\"async\" loading=\"lazy\" srcset=\"https:\/\/sgbsystems.eu\/wp-content\/uploads\/2019\/05\/h-m_large.png 132w, https:\/\/sgbsystems.eu\/wp-content\/uploads\/2019\/05\/h-m_large-100x100.png 100w\" sizes=\"(max-width: 132px) 100vw, 132px\" \/><\/div><\/div><\/div><\/div><\/div><\/div><\/div><\/section><section class=\"l-section wpb_row height_medium\"><div class=\"l-section-overlay\" style=\"background:#f1f1f1\"><\/div><div class=\"l-section-h i-cf\"><div class=\"g-cols vc_row via_flex valign_top type_default stacking_default\"><div class=\"vc_col-sm-12 wpb_column vc_column_container us_animate_afc\"><div class=\"vc_column-inner\"><div class=\"wpb_wrapper\"><div class=\"wpb_text_column\"><div class=\"wpb_wrapper\"><h5 style=\"text-align: center;\">PRIVALUMAI<\/h5>\n<\/div><\/div><div class=\"g-cols wpb_row privalumai-pagrindinis via_flex valign_top type_default stacking_default\" style=\"--additional-gap:10px;\"><div class=\"vc_col-sm-1\/5 wpb_column vc_column_container ikoneles-fonas-tituliniame has_text_color has_bg_color\"><div class=\"vc_column-inner us_custom_3a284f3e\"><div class=\"wpb_wrapper\"><div class=\"w-iconbox iconpos_top style_default color_primary align_center icontype_img\"><div class=\"w-iconbox-icon\" style=\"font-size:170px;\"><img width=\"190\" height=\"190\" src=\"https:\/\/sgbsystems.eu\/wp-content\/uploads\/2019\/05\/Geriausias-pasirinkimas.png\" class=\"attachment-full size-full\" alt=\"Geriausias-pasirinkimas\" decoding=\"async\" loading=\"lazy\" srcset=\"https:\/\/sgbsystems.eu\/wp-content\/uploads\/2019\/05\/Geriausias-pasirinkimas.png 190w, https:\/\/sgbsystems.eu\/wp-content\/uploads\/2019\/05\/Geriausias-pasirinkimas-150x150.png 150w, https:\/\/sgbsystems.eu\/wp-content\/uploads\/2019\/05\/Geriausias-pasirinkimas-160x160.png 160w, https:\/\/sgbsystems.eu\/wp-content\/uploads\/2019\/05\/Geriausias-pasirinkimas-140x140.png 140w, https:\/\/sgbsystems.eu\/wp-content\/uploads\/2019\/05\/Geriausias-pasirinkimas-100x100.png 100w\" sizes=\"(max-width: 190px) 100vw, 190px\" \/><\/div><div class=\"w-iconbox-meta\"><p class=\"w-iconbox-title\">Geriausias<\/p><div class=\"w-iconbox-text\"><p>Pasirinkimas<\/p>\n<\/div><\/div><\/div><\/div><\/div><\/div><div class=\"vc_col-sm-1\/5 wpb_column vc_column_container ikoneles-fonas-tituliniame has_text_color has_bg_color\"><div class=\"vc_column-inner us_custom_3a284f3e\"><div class=\"wpb_wrapper\"><div class=\"w-iconbox iconpos_top style_default color_primary align_center icontype_img\"><div class=\"w-iconbox-icon\" style=\"font-size:170px;\"><img width=\"190\" height=\"190\" src=\"https:\/\/sgbsystems.eu\/wp-content\/uploads\/2019\/05\/Premium-kokybe-1.png\" class=\"attachment-full size-full\" alt=\"Premium-kokybe\" decoding=\"async\" loading=\"lazy\" srcset=\"https:\/\/sgbsystems.eu\/wp-content\/uploads\/2019\/05\/Premium-kokybe-1.png 190w, https:\/\/sgbsystems.eu\/wp-content\/uploads\/2019\/05\/Premium-kokybe-1-150x150.png 150w, https:\/\/sgbsystems.eu\/wp-content\/uploads\/2019\/05\/Premium-kokybe-1-160x160.png 160w, https:\/\/sgbsystems.eu\/wp-content\/uploads\/2019\/05\/Premium-kokybe-1-140x140.png 140w, https:\/\/sgbsystems.eu\/wp-content\/uploads\/2019\/05\/Premium-kokybe-1-100x100.png 100w\" sizes=\"(max-width: 190px) 100vw, 190px\" \/><\/div><div class=\"w-iconbox-meta\"><p class=\"w-iconbox-title\">Premium<\/p><div class=\"w-iconbox-text\"><p>Kokyb\u0117<\/p>\n<\/div><\/div><\/div><\/div><\/div><\/div><div class=\"vc_col-sm-1\/5 wpb_column vc_column_container ikoneles-fonas-tituliniame has_text_color has_bg_color\"><div class=\"vc_column-inner us_custom_3a284f3e\"><div class=\"wpb_wrapper\"><div class=\"w-iconbox iconpos_top style_default color_primary align_center icontype_img\"><div class=\"w-iconbox-icon\" style=\"font-size:170px;\"><img width=\"190\" height=\"190\" src=\"https:\/\/sgbsystems.eu\/wp-content\/uploads\/2019\/05\/Konkurencinga-kaina.png\" class=\"attachment-full size-full\" alt=\"Konkurencinga-kaina\" decoding=\"async\" loading=\"lazy\" srcset=\"https:\/\/sgbsystems.eu\/wp-content\/uploads\/2019\/05\/Konkurencinga-kaina.png 190w, https:\/\/sgbsystems.eu\/wp-content\/uploads\/2019\/05\/Konkurencinga-kaina-150x150.png 150w, https:\/\/sgbsystems.eu\/wp-content\/uploads\/2019\/05\/Konkurencinga-kaina-160x160.png 160w, https:\/\/sgbsystems.eu\/wp-content\/uploads\/2019\/05\/Konkurencinga-kaina-140x140.png 140w, https:\/\/sgbsystems.eu\/wp-content\/uploads\/2019\/05\/Konkurencinga-kaina-100x100.png 100w\" sizes=\"(max-width: 190px) 100vw, 190px\" \/><\/div><div class=\"w-iconbox-meta\"><p class=\"w-iconbox-title\">Konkurencinga<\/p><div class=\"w-iconbox-text\"><p>Kaina<\/p>\n<\/div><\/div><\/div><\/div><\/div><\/div><div class=\"vc_col-sm-1\/5 wpb_column vc_column_container ikoneles-fonas-tituliniame has_text_color has_bg_color\"><div class=\"vc_column-inner us_custom_3a284f3e\"><div class=\"wpb_wrapper\"><div class=\"w-iconbox iconpos_top style_default color_primary align_center icontype_img\"><div class=\"w-iconbox-icon\" style=\"font-size:170px;\"><img width=\"190\" height=\"190\" src=\"https:\/\/sgbsystems.eu\/wp-content\/uploads\/2019\/05\/Greita-gamyba.png\" class=\"attachment-full size-full\" alt=\"Greita-gamyba\" decoding=\"async\" loading=\"lazy\" srcset=\"https:\/\/sgbsystems.eu\/wp-content\/uploads\/2019\/05\/Greita-gamyba.png 190w, https:\/\/sgbsystems.eu\/wp-content\/uploads\/2019\/05\/Greita-gamyba-150x150.png 150w, https:\/\/sgbsystems.eu\/wp-content\/uploads\/2019\/05\/Greita-gamyba-160x160.png 160w, https:\/\/sgbsystems.eu\/wp-content\/uploads\/2019\/05\/Greita-gamyba-140x140.png 140w, https:\/\/sgbsystems.eu\/wp-content\/uploads\/2019\/05\/Greita-gamyba-100x100.png 100w\" sizes=\"(max-width: 190px) 100vw, 190px\" \/><\/div><div class=\"w-iconbox-meta\"><p class=\"w-iconbox-title\">Greita<\/p><div class=\"w-iconbox-text\"><p>Gamyba<\/p>\n<\/div><\/div><\/div><\/div><\/div><\/div><div class=\"vc_col-sm-1\/5 wpb_column vc_column_container ikoneles-fonas-tituliniame has_text_color has_bg_color\"><div class=\"vc_column-inner us_custom_3a284f3e\"><div class=\"wpb_wrapper\"><div class=\"w-iconbox iconpos_top style_default color_primary align_center icontype_img\"><div class=\"w-iconbox-icon\" style=\"font-size:170px;\"><img width=\"190\" height=\"190\" src=\"https:\/\/sgbsystems.eu\/wp-content\/uploads\/2019\/05\/Visos-garantijos.png\" class=\"attachment-full size-full\" alt=\"Visos-garantijos\" decoding=\"async\" loading=\"lazy\" srcset=\"https:\/\/sgbsystems.eu\/wp-content\/uploads\/2019\/05\/Visos-garantijos.png 190w, https:\/\/sgbsystems.eu\/wp-content\/uploads\/2019\/05\/Visos-garantijos-150x150.png 150w, https:\/\/sgbsystems.eu\/wp-content\/uploads\/2019\/05\/Visos-garantijos-160x160.png 160w, https:\/\/sgbsystems.eu\/wp-content\/uploads\/2019\/05\/Visos-garantijos-140x140.png 140w, https:\/\/sgbsystems.eu\/wp-content\/uploads\/2019\/05\/Visos-garantijos-100x100.png 100w\" sizes=\"(max-width: 190px) 100vw, 190px\" \/><\/div><div class=\"w-iconbox-meta\"><p class=\"w-iconbox-title\">Visos<\/p><div class=\"w-iconbox-text\"><p>Garantijos<\/p>\n<\/div><\/div><\/div><\/div><\/div><\/div><\/div><\/div><\/div><\/div><\/div><\/div><\/section>\n","protected":false},"excerpt":{"rendered":"Apie mus \u012emon\u0117 UAB &#8222;SGB SYSTEMS&#8221; \u012fkurta 2012 metais. \u012emon\u0117 nuolat auga ir ple\u010dia savo veikl\u0105. Pagrindin\u0117 \u012fmon\u0117s veikla &#8211; stiklini\u0173 pertvar\u0173, stiklini\u0173 tur\u0117kl\u0173, stogeli\u0173 bei kit\u0173 gamini\u0173 projektavimas pardavimas. Pagrindin\u012f d\u0117mes\u012f skiriame GaminioKokybei Greitam ir kokybi\u0161kamAptarnavimui Individuali\u0173Sprendim\u0173 paie\u0161kai Profesionaliam\u012egyvendinimui \u012emon\u0117je dirba patyr\u0119 specialistai kurie nuolat tobulina savo \u017einias ir kelia kvalifikacij\u0105. Vieningai dirbamas kolektyvas...","protected":false},"author":1,"featured_media":0,"parent":0,"menu_order":0,"comment_status":"closed","ping_status":"closed","template":"","meta":[],"acf":[],"yoast_head":"<!-- This site is optimized with the Yoast SEO plugin v20.1 - https:\/\/yoast.com\/wordpress\/plugins\/seo\/ -->\n<title>Apie mus - SGB<\/title>\n<meta name=\"robots\" content=\"index, follow, max-snippet:-1, max-image-preview:large, max-video-preview:-1\" \/>\n<link rel=\"canonical\" href=\"https:\/\/sgbsystems.eu\/lt\/apie-mus\/\" \/>\n<meta property=\"og:locale\" content=\"lt_LT\" \/>\n<meta property=\"og:type\" content=\"article\" \/>\n<meta property=\"og:title\" content=\"Apie mus - SGB\" \/>\n<meta property=\"og:url\" content=\"https:\/\/sgbsystems.eu\/lt\/apie-mus\/\" \/>\n<meta property=\"og:site_name\" content=\"SGB\" \/>\n<meta property=\"article:modified_time\" content=\"2020-10-23T10:03:24+00:00\" \/>\n<meta name=\"twitter:card\" content=\"summary_large_image\" \/>\n<meta name=\"twitter:label1\" content=\"Est. reading time\" \/>\n\t<meta name=\"twitter:data1\" content=\"4 minut\u0117s\" \/>\n<script type=\"application\/ld+json\" class=\"yoast-schema-graph\">{\"@context\":\"https:\/\/schema.org\",\"@graph\":[{\"@type\":\"WebPage\",\"@id\":\"https:\/\/sgbsystems.eu\/lt\/apie-mus\/\",\"url\":\"https:\/\/sgbsystems.eu\/lt\/apie-mus\/\",\"name\":\"Apie mus - SGB\",\"isPartOf\":{\"@id\":\"https:\/\/sgbsystems.eu\/#website\"},\"datePublished\":\"2019-05-02T10:26:07+00:00\",\"dateModified\":\"2020-10-23T10:03:24+00:00\",\"breadcrumb\":{\"@id\":\"https:\/\/sgbsystems.eu\/lt\/apie-mus\/#breadcrumb\"},\"inLanguage\":\"lt-LT\",\"potentialAction\":[{\"@type\":\"ReadAction\",\"target\":[\"https:\/\/sgbsystems.eu\/lt\/apie-mus\/\"]}]},{\"@type\":\"BreadcrumbList\",\"@id\":\"https:\/\/sgbsystems.eu\/lt\/apie-mus\/#breadcrumb\",\"itemListElement\":[{\"@type\":\"ListItem\",\"position\":1,\"name\":\"Home\",\"item\":\"https:\/\/sgbsystems.eu\/lt\/\"},{\"@type\":\"ListItem\",\"position\":2,\"name\":\"Apie mus\"}]},{\"@type\":\"WebSite\",\"@id\":\"https:\/\/sgbsystems.eu\/#website\",\"url\":\"https:\/\/sgbsystems.eu\/\",\"name\":\"SGB\",\"description\":\"STEEL GLASS BALUSTRDE\",\"potentialAction\":[{\"@type\":\"SearchAction\",\"target\":{\"@type\":\"EntryPoint\",\"urlTemplate\":\"https:\/\/sgbsystems.eu\/?s={search_term_string}\"},\"query-input\":\"required name=search_term_string\"}],\"inLanguage\":\"lt-LT\"}]}<\/script>\n<!-- \/ Yoast SEO plugin. -->","yoast_head_json":{"title":"Apie mus - SGB","robots":{"index":"index","follow":"follow","max-snippet":"max-snippet:-1","max-image-preview":"max-image-preview:large","max-video-preview":"max-video-preview:-1"},"canonical":"https:\/\/sgbsystems.eu\/lt\/apie-mus\/","og_locale":"lt_LT","og_type":"article","og_title":"Apie mus - SGB","og_url":"https:\/\/sgbsystems.eu\/lt\/apie-mus\/","og_site_name":"SGB","article_modified_time":"2020-10-23T10:03:24+00:00","twitter_card":"summary_large_image","twitter_misc":{"Est. reading time":"4 minut\u0117s"},"schema":{"@context":"https:\/\/schema.org","@graph":[{"@type":"WebPage","@id":"https:\/\/sgbsystems.eu\/lt\/apie-mus\/","url":"https:\/\/sgbsystems.eu\/lt\/apie-mus\/","name":"Apie mus - SGB","isPartOf":{"@id":"https:\/\/sgbsystems.eu\/#website"},"datePublished":"2019-05-02T10:26:07+00:00","dateModified":"2020-10-23T10:03:24+00:00","breadcrumb":{"@id":"https:\/\/sgbsystems.eu\/lt\/apie-mus\/#breadcrumb"},"inLanguage":"lt-LT","potentialAction":[{"@type":"ReadAction","target":["https:\/\/sgbsystems.eu\/lt\/apie-mus\/"]}]},{"@type":"BreadcrumbList","@id":"https:\/\/sgbsystems.eu\/lt\/apie-mus\/#breadcrumb","itemListElement":[{"@type":"ListItem","position":1,"name":"Home","item":"https:\/\/sgbsystems.eu\/lt\/"},{"@type":"ListItem","position":2,"name":"Apie mus"}]},{"@type":"WebSite","@id":"https:\/\/sgbsystems.eu\/#website","url":"https:\/\/sgbsystems.eu\/","name":"SGB","description":"STEEL GLASS BALUSTRDE","potentialAction":[{"@type":"SearchAction","target":{"@type":"EntryPoint","urlTemplate":"https:\/\/sgbsystems.eu\/?s={search_term_string}"},"query-input":"required name=search_term_string"}],"inLanguage":"lt-LT"}]}},"_links":{"self":[{"href":"https:\/\/sgbsystems.eu\/lt\/wp-json\/wp\/v2\/pages\/15"}],"collection":[{"href":"https:\/\/sgbsystems.eu\/lt\/wp-json\/wp\/v2\/pages"}],"about":[{"href":"https:\/\/sgbsystems.eu\/lt\/wp-json\/wp\/v2\/types\/page"}],"author":[{"embeddable":true,"href":"https:\/\/sgbsystems.eu\/lt\/wp-json\/wp\/v2\/users\/1"}],"replies":[{"embeddable":true,"href":"https:\/\/sgbsystems.eu\/lt\/wp-json\/wp\/v2\/comments?post=15"}],"version-history":[{"count":71,"href":"https:\/\/sgbsystems.eu\/lt\/wp-json\/wp\/v2\/pages\/15\/revisions"}],"predecessor-version":[{"id":2393,"href":"https:\/\/sgbsystems.eu\/lt\/wp-json\/wp\/v2\/pages\/15\/revisions\/2393"}],"wp:attachment":[{"href":"https:\/\/sgbsystems.eu\/lt\/wp-json\/wp\/v2\/media?parent=15"}],"curies":[{"name":"wp","href":"https:\/\/api.w.org\/{rel}","templated":true}]}}