{"id":135,"date":"2019-05-02T11:42:58","date_gmt":"2019-05-02T13:42:58","guid":{"rendered":"http:\/\/sgb-new.keyboart.lt\/?page_id=135"},"modified":"2019-11-15T07:19:16","modified_gmt":"2019-11-15T09:19:16","slug":"kiti-gaminiai","status":"publish","type":"page","link":"https:\/\/sgbsystems.eu\/lt\/produktai\/kiti-gaminiai\/","title":{"rendered":"Kiti gaminiai"},"content":{"rendered":"<section class=\"l-section wpb_row submeniu-top height_auto type_sticky\"><div class=\"l-section-overlay\" style=\"background:#ec0b43\"><\/div><div class=\"l-section-h i-cf\"><div class=\"g-cols vc_row via_flex valign_top type_default stacking_default\"><div class=\"vc_col-sm-12 wpb_column vc_column_container\"><div class=\"vc_column-inner\"><div class=\"wpb_wrapper\"><section class=\"l-section wpb_row height_auto\"><div class=\"l-section-h i-cf\"><div class=\"g-cols vc_row via_flex valign_bottom type_default stacking_default\"><div class=\"vc_col-sm-12 wpb_column vc_column_container has_text_color\"><div class=\"vc_column-inner us_custom_6df4bc3a\"><div class=\"wpb_wrapper\"><div class=\"w-grid type_grid layout_267 cols_5\" id=\"us_grid_1\"><style>#us_grid_1 .w-grid-item{padding:0rem}#us_grid_1 .w-grid-list{margin:-0rem}.w-grid + #us_grid_1 .w-grid-list,.w-grid-none + #us_grid_1 .w-grid-list{margin-top:0rem}@media (max-width:1380px){#us_grid_1 .w-grid-item{width:33.3333%}}@media (max-width:1024px){#us_grid_1 .w-grid-item{width:33.3333%}}@media (max-width:600px){#us_grid_1 .w-grid-item{width:50%}}.layout_267 .w-grid-item-h{}.layout_267 .usg_vwrapper_1{padding-top:20px!important;padding-bottom:20px!important}.layout_267 .usg_post_custom_field_1{font-family:var(--font-body)!important}.layout_267 .usg_post_custom_field_2{margin-top:-11px!important;font-family:var(--font-body)!important;font-weight:600!important}<\/style><div class=\"w-grid-list\">\t<article class=\"w-grid-item size_1x1 post-127 page type-page status-publish has-post-thumbnail hentry\" data-id=\"127\">\r\n\t\t<div class=\"w-grid-item-h\">\r\n\t\t\t\t\t\t\t<a class=\"w-grid-item-anchor\" href=\"https:\/\/sgbsystems.eu\/lt\/produktai\/stiklo-tureklai\/\" rel=\"bookmark\" aria-label=\"Stiklo tur\u0117klai\"><\/a>\r\n\t\t\t\t\t\t<div class=\"w-vwrapper usg_vwrapper_1 align_center valign_bottom\"><div class=\"w-post-elm post_custom_field usg_post_custom_field_1 type_text plonas_meniu_tekstas\"><span class=\"w-post-elm-value\">Stiklo<\/span><\/div><div class=\"w-post-elm post_custom_field usg_post_custom_field_2 type_text storas_meniu_tekstas\"><span class=\"w-post-elm-value\">TUR\u0116KLAI<\/span><\/div><\/div>\t\t<\/div>\r\n\t<\/article>\r\n\t<article class=\"w-grid-item size_1x1 post-129 page type-page status-publish has-post-thumbnail hentry\" data-id=\"129\">\r\n\t\t<div class=\"w-grid-item-h\">\r\n\t\t\t\t\t\t\t<a class=\"w-grid-item-anchor\" href=\"https:\/\/sgbsystems.eu\/lt\/produktai\/stikliniai-stogeliai\/\" rel=\"bookmark\" aria-label=\"Stogeliai ir balkonai\"><\/a>\r\n\t\t\t\t\t\t<div class=\"w-vwrapper usg_vwrapper_1 align_center valign_bottom\"><div class=\"w-post-elm post_custom_field usg_post_custom_field_1 type_text plonas_meniu_tekstas\"><span class=\"w-post-elm-value\">Stogeliai ir<\/span><\/div><div class=\"w-post-elm post_custom_field usg_post_custom_field_2 type_text storas_meniu_tekstas\"><span class=\"w-post-elm-value\">BALKONAI<\/span><\/div><\/div>\t\t<\/div>\r\n\t<\/article>\r\n\t<article class=\"w-grid-item size_1x1 post-131 page type-page status-publish has-post-thumbnail hentry\" data-id=\"131\">\r\n\t\t<div class=\"w-grid-item-h\">\r\n\t\t\t\t\t\t\t<a class=\"w-grid-item-anchor\" href=\"https:\/\/sgbsystems.eu\/lt\/produktai\/saugus-stiklai\/\" rel=\"bookmark\" aria-label=\"Saug\u016bs stiklai\"><\/a>\r\n\t\t\t\t\t\t<div class=\"w-vwrapper usg_vwrapper_1 align_center valign_bottom\"><div class=\"w-post-elm post_custom_field usg_post_custom_field_1 type_text plonas_meniu_tekstas\"><span class=\"w-post-elm-value\">Saug\u016bs<\/span><\/div><div class=\"w-post-elm post_custom_field usg_post_custom_field_2 type_text storas_meniu_tekstas\"><span class=\"w-post-elm-value\">STIKLAI<\/span><\/div><\/div>\t\t<\/div>\r\n\t<\/article>\r\n\t<article class=\"w-grid-item size_1x1 post-133 page type-page status-publish has-post-thumbnail hentry\" data-id=\"133\">\r\n\t\t<div class=\"w-grid-item-h\">\r\n\t\t\t\t\t\t\t<a class=\"w-grid-item-anchor\" href=\"https:\/\/sgbsystems.eu\/lt\/produktai\/stiklines-grindys-ir-laiptai\/\" rel=\"bookmark\" aria-label=\"Stiklin\u0117s grindys ir laiptai\"><\/a>\r\n\t\t\t\t\t\t<div class=\"w-vwrapper usg_vwrapper_1 align_center valign_bottom\"><div class=\"w-post-elm post_custom_field usg_post_custom_field_1 type_text plonas_meniu_tekstas\"><span class=\"w-post-elm-value\">Stiklin\u0117s<\/span><\/div><div class=\"w-post-elm post_custom_field usg_post_custom_field_2 type_text storas_meniu_tekstas\"><span class=\"w-post-elm-value\">GRINDYS IR LAIPTAI<\/span><\/div><\/div>\t\t<\/div>\r\n\t<\/article>\r\n\t<article class=\"w-grid-item size_1x1 post-135 page type-page status-publish has-post-thumbnail hentry\" data-id=\"135\">\r\n\t\t<div class=\"w-grid-item-h\">\r\n\t\t\t\t\t\t\t<a class=\"w-grid-item-anchor\" href=\"https:\/\/sgbsystems.eu\/lt\/produktai\/kiti-gaminiai\/\" rel=\"bookmark\" aria-label=\"Kiti gaminiai\"><\/a>\r\n\t\t\t\t\t\t<div class=\"w-vwrapper usg_vwrapper_1 align_center valign_bottom\"><div class=\"w-post-elm post_custom_field usg_post_custom_field_1 type_text plonas_meniu_tekstas\"><span class=\"w-post-elm-value\">Kiti<\/span><\/div><div class=\"w-post-elm post_custom_field usg_post_custom_field_2 type_text storas_meniu_tekstas\"><span class=\"w-post-elm-value\">GAMINIAI<\/span><\/div><\/div>\t\t<\/div>\r\n\t<\/article>\r\n<\/div><div class=\"w-grid-preloader\"><div class=\"g-preloader type_1\">\r\n\t<div><\/div>\r\n<\/div>\r\n<\/div>\t<div class=\"w-grid-json hidden\" onclick='return {&quot;action&quot;:&quot;us_ajax_grid&quot;,&quot;ajax_url&quot;:&quot;https:\\\/\\\/sgbsystems.eu\\\/wp-admin\\\/admin-ajax.php&quot;,&quot;infinite_scroll&quot;:0,&quot;max_num_pages&quot;:1,&quot;pagination&quot;:&quot;none&quot;,&quot;permalink_url&quot;:&quot;https:\\\/\\\/sgbsystems.eu\\\/lt\\\/wp-json\\\/wp\\\/v2\\\/pages\\\/135\\\/&quot;,&quot;template_vars&quot;:{&quot;columns&quot;:&quot;5&quot;,&quot;exclude_items&quot;:&quot;none&quot;,&quot;img_size&quot;:&quot;default&quot;,&quot;ignore_items_size&quot;:0,&quot;items_layout&quot;:&quot;267&quot;,&quot;items_offset&quot;:&quot;1&quot;,&quot;load_animation&quot;:&quot;none&quot;,&quot;overriding_link&quot;:&quot;post&quot;,&quot;post_id&quot;:251,&quot;query_args&quot;:{&quot;ignore_sticky_posts&quot;:1,&quot;post_type&quot;:&quot;any&quot;,&quot;post__in&quot;:[&quot;127&quot;,&quot;129&quot;,&quot;131&quot;,&quot;133&quot;,&quot;135&quot;],&quot;posts_per_page&quot;:&quot;5&quot;},&quot;orderby_query_args&quot;:{&quot;orderby&quot;:{&quot;menu_order&quot;:&quot;ASC&quot;},&quot;order&quot;:&quot;ASC&quot;},&quot;type&quot;:&quot;grid&quot;,&quot;us_grid_ajax_index&quot;:1,&quot;us_grid_filter_params&quot;:null,&quot;us_grid_index&quot;:1,&quot;_us_grid_post_type&quot;:&quot;ids&quot;,&quot;lang&quot;:&quot;lt&quot;}}'><\/div>\r\n\t<\/div><\/div><\/div><\/div><\/div><\/div><\/section>\n<\/div><\/div><\/div><\/div><\/div><\/section><section class=\"l-section wpb_row height_medium\"><div class=\"l-section-h i-cf\"><div class=\"g-cols vc_row via_flex valign_top type_default stacking_default\"><div class=\"vc_col-sm-12 wpb_column vc_column_container us_animate_afl\"><div class=\"vc_column-inner\"><div class=\"wpb_wrapper\"><div class=\"wpb_text_column\"><div class=\"wpb_wrapper\"><h4>Kiti gaminiai<\/h4>\n<\/div><\/div><\/div><\/div><\/div><\/div><\/div><\/section><section class=\"l-section wpb_row margin-top-tabs height_medium\" id=\"mag-kontaktai\"><div class=\"l-section-h i-cf\"><div class=\"g-cols vc_row via_flex valign_top type_default stacking_default\"><div class=\"vc_col-sm-12 wpb_column vc_column_container\"><div class=\"vc_column-inner\"><div class=\"wpb_wrapper\"><\/div><\/div><\/div><\/div><\/div><\/section><section class=\"l-section wpb_row height_auto type_sticky\"><div class=\"l-section-h i-cf\"><div class=\"g-cols vc_row via_flex valign_top type_default stacking_default\"><div class=\"vc_col-sm-12 wpb_column vc_column_container\"><div class=\"vc_column-inner\"><div class=\"wpb_wrapper\"><div class=\"w-grid stiklo-tureklai-tabs type_grid layout_1093 cols_3\" id=\"us_grid_2\"><style>#us_grid_2 .w-grid-item{padding:0rem}#us_grid_2 .w-grid-list{margin:-0rem}.w-grid + #us_grid_2 .w-grid-list,.w-grid-none + #us_grid_2 .w-grid-list{margin-top:0rem}@media (max-width:1024px){#us_grid_2 .w-grid-list{margin:0}#us_grid_2 .w-grid-item{width:100%;padding:0;margin-bottom:0rem}}@media (max-width:600px){#us_grid_2 .w-grid-list{margin:0}#us_grid_2 .w-grid-item{width:100%;padding:0;margin-bottom:0rem}}.layout_1093 .w-grid-item-h{}.layout_1093 .usg_post_custom_field_1{font-family:var(--font-body)!important;text-transform:uppercase!important}<\/style><div class=\"w-grid-list\">\t<article class=\"w-grid-item size_1x1 post-135 page type-page status-publish has-post-thumbnail hentry\" data-id=\"135\">\r\n\t\t<div class=\"w-grid-item-h\">\r\n\t\t\t\t\t\t\t<a class=\"w-grid-item-anchor\" href=\"https:\/\/sgbsystems.eu\/lt\/produktai\/kiti-gaminiai\/\" rel=\"bookmark\" aria-label=\"Kiti gaminiai\"><\/a>\r\n\t\t\t\t\t\t<div class=\"w-vwrapper usg_vwrapper_1 align_center valign_middle\"><div class=\"w-post-elm post_custom_field usg_post_custom_field_1 type_text mygtuko_pavadinimas_produktuose color_link_inherit\"><a href=\"http:\/\/sgbsystems.eu\/lt\/produktai\/kiti-gaminiai\/#mag-kontaktai\"><span class=\"w-post-elm-value\">MAGNETINIAI KONTAKTAI<\/span><\/a><\/div><\/div>\t\t<\/div>\r\n\t<\/article>\r\n\t<article class=\"w-grid-item size_1x1 post-1218 page type-page status-publish has-post-thumbnail hentry\" data-id=\"1218\">\r\n\t\t<div class=\"w-grid-item-h\">\r\n\t\t\t\t\t\t\t<a class=\"w-grid-item-anchor\" href=\"https:\/\/sgbsystems.eu\/lt\/produktai\/kiti-gaminiai\/stiklo-paketai-su-zaliuzemis\/\" rel=\"bookmark\" aria-label=\"Stiklo paketai su \u017ealiuz\u0117mis\"><\/a>\r\n\t\t\t\t\t\t<div class=\"w-vwrapper usg_vwrapper_1 align_center valign_middle\"><div class=\"w-post-elm post_custom_field usg_post_custom_field_1 type_text mygtuko_pavadinimas_produktuose color_link_inherit\"><a href=\"http:\/\/sgbsystems.eu\/lt\/produktai\/kiti-gaminiai\/stiklo-paketai-su-zaliuzemis\/#stikl-paket\"><span class=\"w-post-elm-value\">STIKLO PAKETAI SU \u017dALIUZ\u0116MIS<\/span><\/a><\/div><\/div>\t\t<\/div>\r\n\t<\/article>\r\n\t<article class=\"w-grid-item size_1x1 post-2583 page type-page status-publish has-post-thumbnail hentry\" data-id=\"2583\">\r\n\t\t<div class=\"w-grid-item-h\">\r\n\t\t\t\t\t\t\t<a class=\"w-grid-item-anchor\" href=\"https:\/\/sgbsystems.eu\/lt\/produktai\/kiti-gaminiai\/priva-lite-glass\/\" rel=\"bookmark\" aria-label=\"PRIVA-LITE STIKLAS\"><\/a>\r\n\t\t\t\t\t\t<div class=\"w-vwrapper usg_vwrapper_1 align_center valign_middle\"><div class=\"w-post-elm post_custom_field usg_post_custom_field_1 type_text mygtuko_pavadinimas_produktuose color_link_inherit\"><a href=\"http:\/\/sgbsystems.eu\/lt\/produktai\/kiti-gaminiai\/priva-lite-glass\/#priva-lite\"><span class=\"w-post-elm-value\">PRIVA-LITE STIKLAS<\/span><\/a><\/div><\/div>\t\t<\/div>\r\n\t<\/article>\r\n<\/div><div class=\"w-grid-preloader\"><div class=\"g-preloader type_1\">\r\n\t<div><\/div>\r\n<\/div>\r\n<\/div>\t<div class=\"w-grid-json hidden\" onclick='return {&quot;action&quot;:&quot;us_ajax_grid&quot;,&quot;ajax_url&quot;:&quot;https:\\\/\\\/sgbsystems.eu\\\/wp-admin\\\/admin-ajax.php&quot;,&quot;infinite_scroll&quot;:0,&quot;max_num_pages&quot;:1,&quot;pagination&quot;:&quot;none&quot;,&quot;permalink_url&quot;:&quot;https:\\\/\\\/sgbsystems.eu\\\/lt\\\/wp-json\\\/wp\\\/v2\\\/pages\\\/135\\\/&quot;,&quot;template_vars&quot;:{&quot;columns&quot;:&quot;3&quot;,&quot;exclude_items&quot;:&quot;none&quot;,&quot;img_size&quot;:&quot;default&quot;,&quot;ignore_items_size&quot;:0,&quot;items_layout&quot;:&quot;1093&quot;,&quot;items_offset&quot;:&quot;1&quot;,&quot;load_animation&quot;:&quot;none&quot;,&quot;overriding_link&quot;:&quot;post&quot;,&quot;post_id&quot;:1220,&quot;query_args&quot;:{&quot;ignore_sticky_posts&quot;:1,&quot;post_type&quot;:&quot;any&quot;,&quot;post__in&quot;:[&quot;1218&quot;,&quot;2583&quot;,&quot;135&quot;],&quot;posts_per_page&quot;:&quot;3&quot;},&quot;orderby_query_args&quot;:{&quot;orderby&quot;:{&quot;menu_order&quot;:&quot;ASC&quot;},&quot;order&quot;:&quot;ASC&quot;},&quot;type&quot;:&quot;grid&quot;,&quot;us_grid_ajax_index&quot;:1,&quot;us_grid_filter_params&quot;:null,&quot;us_grid_index&quot;:2,&quot;_us_grid_post_type&quot;:&quot;ids&quot;,&quot;lang&quot;:&quot;lt&quot;}}'><\/div>\r\n\t<\/div>\n<\/div><\/div><\/div><\/div><\/div><\/section><section class=\"l-section wpb_row height_small\"><div class=\"l-section-overlay\" style=\"background:#f1f1f1\"><\/div><div class=\"l-section-h i-cf\"><div class=\"g-cols vc_row via_flex valign_top type_default stacking_default\"><div class=\"vc_col-sm-12 wpb_column vc_column_container\"><div class=\"vc_column-inner\"><div class=\"wpb_wrapper\"><div class=\"w-separator size_small\"><\/div><div class=\"wpb_text_column ul-li-stilius\"><div class=\"wpb_wrapper\"><p>Magnetiniai elektros kontaktai leid\u017eia perduoti srov\u0119 tarp staktos ir var\u010dios atidaromuose arba stumdomuose languose. Jie yra sudaryti i\u0161 dviej\u0173 dali\u0173: fiksuoto kontakto, kuriame yra tinkamai apsaugotas magnetas, ir judant\u012f kontakt\u0105, kur\u012f magnetiniu b\u016bdu pritraukia fiksuotas kontaktas.<\/p>\n<p>Toks traukos judesys u\u017etikrina puik\u0173 kontakt\u0105 ir optimizuoja srov\u0117s pratek\u0117jim\u0105 iki \u012frengto prietaiso (variklio) lango r\u0117me.<\/p>\n<\/div><\/div><\/div><\/div><\/div><\/div><\/div><\/section><section class=\"l-section wpb_row height_small\"><div class=\"l-section-overlay\" style=\"background:#f1f1f1\"><\/div><div class=\"l-section-h i-cf\"><div class=\"g-cols vc_row via_flex valign_top type_default stacking_default\"><div class=\"vc_col-sm-12 wpb_column vc_column_container\"><div class=\"vc_column-inner\"><div class=\"wpb_wrapper\"><div class=\"wpb_text_column\"><div class=\"wpb_wrapper\"><p><a ref=\"magnificPopup\" href=\"http:\/\/sgbsystems.eu\/wp-content\/uploads\/2019\/05\/image26.jpg\"><img decoding=\"async\" loading=\"lazy\" class=\"alignnone wp-image-960\" src=\"http:\/\/sgbsystems.eu\/wp-content\/uploads\/2019\/05\/image26.jpg\" alt=\"\" width=\"325\" height=\"300\" srcset=\"https:\/\/sgbsystems.eu\/wp-content\/uploads\/2019\/05\/image26.jpg 372w, https:\/\/sgbsystems.eu\/wp-content\/uploads\/2019\/05\/image26-300x277.jpg 300w, https:\/\/sgbsystems.eu\/wp-content\/uploads\/2019\/05\/image26-160x148.jpg 160w, https:\/\/sgbsystems.eu\/wp-content\/uploads\/2019\/05\/image26-140x129.jpg 140w, https:\/\/sgbsystems.eu\/wp-content\/uploads\/2019\/05\/image26-100x92.jpg 100w, https:\/\/sgbsystems.eu\/wp-content\/uploads\/2019\/05\/image26-239x220.jpg 239w, https:\/\/sgbsystems.eu\/wp-content\/uploads\/2019\/05\/image26-211x195.jpg 211w, https:\/\/sgbsystems.eu\/wp-content\/uploads\/2019\/05\/image26-343x316.jpg 343w\" sizes=\"(max-width: 325px) 100vw, 325px\" \/> \u00a0<\/a><a ref=\"magnificPopup\" href=\"http:\/\/sgbsystems.eu\/wp-content\/uploads\/2019\/05\/image25.jpg\"><img decoding=\"async\" loading=\"lazy\" class=\"alignnone wp-image-959\" src=\"http:\/\/sgbsystems.eu\/wp-content\/uploads\/2019\/05\/image25.jpg\" alt=\"\" width=\"281\" height=\"300\" srcset=\"https:\/\/sgbsystems.eu\/wp-content\/uploads\/2019\/05\/image25.jpg 325w, https:\/\/sgbsystems.eu\/wp-content\/uploads\/2019\/05\/image25-281x300.jpg 281w, https:\/\/sgbsystems.eu\/wp-content\/uploads\/2019\/05\/image25-150x160.jpg 150w, https:\/\/sgbsystems.eu\/wp-content\/uploads\/2019\/05\/image25-140x149.jpg 140w, https:\/\/sgbsystems.eu\/wp-content\/uploads\/2019\/05\/image25-100x107.jpg 100w, https:\/\/sgbsystems.eu\/wp-content\/uploads\/2019\/05\/image25-206x220.jpg 206w, https:\/\/sgbsystems.eu\/wp-content\/uploads\/2019\/05\/image25-183x195.jpg 183w, https:\/\/sgbsystems.eu\/wp-content\/uploads\/2019\/05\/image25-296x316.jpg 296w\" sizes=\"(max-width: 281px) 100vw, 281px\" \/><\/a><\/p>\n<\/div><\/div><\/div><\/div><\/div><\/div><\/div><\/section><section class=\"l-section wpb_row height_small\"><div class=\"l-section-overlay\" style=\"background:#f1f1f1\"><\/div><div class=\"l-section-h i-cf\"><div class=\"g-cols vc_row via_flex valign_top type_default stacking_default\"><div class=\"vc_col-sm-12 wpb_column vc_column_container\"><div class=\"vc_column-inner\"><div class=\"wpb_wrapper\"><div class=\"wpb_text_column produktu-techniniai-pavadinimai\"><div class=\"wpb_wrapper\"><p>Privalumai<\/p>\n<\/div><\/div><div class=\"wpb_text_column ul-li-stilius\"><div class=\"wpb_wrapper\"><ul>\n<li>Prijungti laidai neturi jokio jud\u0117jimo, o tai u\u017etikrina ilgaam\u017ei\u0161kum\u0105.<\/li>\n<li>Apsaugotas magnetas<\/li>\n<li>Lengvas montavimas<\/li>\n<\/ul>\n<\/div><\/div><div class=\"w-separator size_small\"><\/div><\/div><\/div><\/div><\/div><\/div><\/section><section class=\"l-section wpb_row height_small\"><div class=\"l-section-overlay\" style=\"background:#f1f1f1\"><\/div><div class=\"l-section-h i-cf\"><div class=\"g-cols vc_row via_flex valign_top type_default stacking_default\"><div class=\"vc_col-sm-12 wpb_column vc_column_container\"><div class=\"vc_column-inner\"><div class=\"wpb_wrapper\"><div class=\"w-popup ul-li-stilius w-btn-wrapper align_none\"><button aria-label=\"PDF Failai parsisi\u0173sti\" class=\"w-popup-trigger type_btn w-btn us-btn-style_3 icon_atleft\"><i class=\"far fa-file-pdf\"><\/i><span class=\"w-btn-label\">PDF Failai parsisi\u0173sti<\/span><\/button><div class=\"w-popup-overlay\" style=\"background:rgba(0,0,0,0.6);\"><\/div><div class=\"w-popup-wrap\" style=\"--title-color:var(--color-content-heading);--title-bg-color:var(--color-content-bg-alt);--content-color:#333333;--content-bg-color:#ffffff\"><div class=\"w-popup-box animation_fadeIn closerpos_outside without_title\" style=\"width:600px;\"><div class=\"w-popup-box-h\"><div class=\"w-popup-box-content\" style=\"padding:5%;\"><ul>\n<li><a href=\"http:\/\/sgbsystems.eu\/wp-content\/uploads\/2019\/11\/SGB_SYSTEMS_Magnetic_Contacts_EN.pdf\" target=\"_blank\" rel=\"noopener noreferrer\">SGB_SYSTEMS-Magnetic_Contacts [PDF]<\/a><\/li>\n<li><a href=\"http:\/\/sgbsystems.eu\/wp-content\/uploads\/2019\/05\/pavyzdinis-pdf-failas.pdf\" target=\"_blank\" rel=\"noopener noreferrer\">Failo pavadinimas [PDF]<\/a><\/li>\n<li><a href=\"http:\/\/sgbsystems.eu\/wp-content\/uploads\/2019\/05\/pavyzdinis-pdf-failas.pdf\" target=\"_blank\" rel=\"noopener noreferrer\">Failo pavadinimas [PDF]<\/a><\/li>\n<li><a href=\"http:\/\/sgbsystems.eu\/wp-content\/uploads\/2019\/05\/pavyzdinis-pdf-failas.pdf\" target=\"_blank\" rel=\"noopener noreferrer\">Failo pavadinimas [PDF]<\/a><\/li>\n<\/ul>\n<\/div><\/div><\/div><div class=\"w-popup-closer\"><\/div><\/div><\/div><div class=\"w-separator size_small\"><\/div><\/div><\/div><\/div><\/div><\/div><\/section>\n","protected":false},"excerpt":{"rendered":"StikloTUR\u0116KLAI Stogeliai irBALKONAI Saug\u016bsSTIKLAI Stiklin\u0117sGRINDYS IR LAIPTAI KitiGAMINIAI Kiti gaminiai MAGNETINIAI KONTAKTAI STIKLO PAKETAI SU \u017dALIUZ\u0116MIS PRIVA-LITE STIKLAS PRIVA-LITE STIKLAS. Privatumas, kur\u012f galima \u012fjungti. PRIVA-LITE yra i\u0161manusis stiklas, kuris, paspaudus jungikl\u012f, pasikei\u010dia i\u0161 skaidraus \u012f matin\u012f arba atvirk\u0161\u010diai. PRIVA-LITE yra laminuotas stiklas, pagamintas i\u0161 skyst\u0173j\u0173 kristal\u0173 pl\u0117vel\u0117s (LC), sumontuotos tarp dviej\u0173 ar daugiau plastikini\u0173 tarpsluoksni\u0173....","protected":false},"author":1,"featured_media":804,"parent":13,"menu_order":0,"comment_status":"closed","ping_status":"closed","template":"","meta":[],"acf":[],"yoast_head":"<!-- This site is optimized with the Yoast SEO plugin v20.1 - https:\/\/yoast.com\/wordpress\/plugins\/seo\/ -->\n<title>Kiti gaminiai - SGB<\/title>\n<meta name=\"robots\" content=\"index, follow, max-snippet:-1, max-image-preview:large, max-video-preview:-1\" \/>\n<link rel=\"canonical\" href=\"https:\/\/sgbsystems.eu\/lt\/produktai\/kiti-gaminiai\/\" \/>\n<meta property=\"og:locale\" content=\"lt_LT\" \/>\n<meta property=\"og:type\" content=\"article\" \/>\n<meta property=\"og:title\" content=\"Kiti gaminiai - SGB\" \/>\n<meta property=\"og:url\" content=\"https:\/\/sgbsystems.eu\/lt\/produktai\/kiti-gaminiai\/\" \/>\n<meta property=\"og:site_name\" content=\"SGB\" \/>\n<meta property=\"article:modified_time\" content=\"2019-11-15T09:19:16+00:00\" \/>\n<meta property=\"og:image\" content=\"https:\/\/sgbsystems.eu\/wp-content\/uploads\/2019\/05\/5.jpg\" \/>\n\t<meta property=\"og:image:width\" content=\"225\" \/>\n\t<meta property=\"og:image:height\" content=\"522\" \/>\n\t<meta property=\"og:image:type\" content=\"image\/jpeg\" \/>\n<meta name=\"twitter:card\" content=\"summary_large_image\" \/>\n<meta name=\"twitter:label1\" content=\"Est. reading time\" \/>\n\t<meta name=\"twitter:data1\" content=\"2 minut\u0117s\" \/>\n<script type=\"application\/ld+json\" class=\"yoast-schema-graph\">{\"@context\":\"https:\/\/schema.org\",\"@graph\":[{\"@type\":\"WebPage\",\"@id\":\"https:\/\/sgbsystems.eu\/lt\/produktai\/kiti-gaminiai\/\",\"url\":\"https:\/\/sgbsystems.eu\/lt\/produktai\/kiti-gaminiai\/\",\"name\":\"Kiti gaminiai - SGB\",\"isPartOf\":{\"@id\":\"https:\/\/sgbsystems.eu\/#website\"},\"datePublished\":\"2019-05-02T13:42:58+00:00\",\"dateModified\":\"2019-11-15T09:19:16+00:00\",\"breadcrumb\":{\"@id\":\"https:\/\/sgbsystems.eu\/lt\/produktai\/kiti-gaminiai\/#breadcrumb\"},\"inLanguage\":\"lt-LT\",\"potentialAction\":[{\"@type\":\"ReadAction\",\"target\":[\"https:\/\/sgbsystems.eu\/lt\/produktai\/kiti-gaminiai\/\"]}]},{\"@type\":\"BreadcrumbList\",\"@id\":\"https:\/\/sgbsystems.eu\/lt\/produktai\/kiti-gaminiai\/#breadcrumb\",\"itemListElement\":[{\"@type\":\"ListItem\",\"position\":1,\"name\":\"Home\",\"item\":\"https:\/\/sgbsystems.eu\/lt\/\"},{\"@type\":\"ListItem\",\"position\":2,\"name\":\"Produktai\",\"item\":\"https:\/\/sgbsystems.eu\/lt\/produktai\/\"},{\"@type\":\"ListItem\",\"position\":3,\"name\":\"Kiti gaminiai\"}]},{\"@type\":\"WebSite\",\"@id\":\"https:\/\/sgbsystems.eu\/#website\",\"url\":\"https:\/\/sgbsystems.eu\/\",\"name\":\"SGB\",\"description\":\"STEEL GLASS BALUSTRDE\",\"potentialAction\":[{\"@type\":\"SearchAction\",\"target\":{\"@type\":\"EntryPoint\",\"urlTemplate\":\"https:\/\/sgbsystems.eu\/?s={search_term_string}\"},\"query-input\":\"required name=search_term_string\"}],\"inLanguage\":\"lt-LT\"}]}<\/script>\n<!-- \/ Yoast SEO plugin. -->","yoast_head_json":{"title":"Kiti gaminiai - SGB","robots":{"index":"index","follow":"follow","max-snippet":"max-snippet:-1","max-image-preview":"max-image-preview:large","max-video-preview":"max-video-preview:-1"},"canonical":"https:\/\/sgbsystems.eu\/lt\/produktai\/kiti-gaminiai\/","og_locale":"lt_LT","og_type":"article","og_title":"Kiti gaminiai - SGB","og_url":"https:\/\/sgbsystems.eu\/lt\/produktai\/kiti-gaminiai\/","og_site_name":"SGB","article_modified_time":"2019-11-15T09:19:16+00:00","og_image":[{"width":225,"height":522,"url":"https:\/\/sgbsystems.eu\/wp-content\/uploads\/2019\/05\/5.jpg","type":"image\/jpeg"}],"twitter_card":"summary_large_image","twitter_misc":{"Est. reading time":"2 minut\u0117s"},"schema":{"@context":"https:\/\/schema.org","@graph":[{"@type":"WebPage","@id":"https:\/\/sgbsystems.eu\/lt\/produktai\/kiti-gaminiai\/","url":"https:\/\/sgbsystems.eu\/lt\/produktai\/kiti-gaminiai\/","name":"Kiti gaminiai - SGB","isPartOf":{"@id":"https:\/\/sgbsystems.eu\/#website"},"datePublished":"2019-05-02T13:42:58+00:00","dateModified":"2019-11-15T09:19:16+00:00","breadcrumb":{"@id":"https:\/\/sgbsystems.eu\/lt\/produktai\/kiti-gaminiai\/#breadcrumb"},"inLanguage":"lt-LT","potentialAction":[{"@type":"ReadAction","target":["https:\/\/sgbsystems.eu\/lt\/produktai\/kiti-gaminiai\/"]}]},{"@type":"BreadcrumbList","@id":"https:\/\/sgbsystems.eu\/lt\/produktai\/kiti-gaminiai\/#breadcrumb","itemListElement":[{"@type":"ListItem","position":1,"name":"Home","item":"https:\/\/sgbsystems.eu\/lt\/"},{"@type":"ListItem","position":2,"name":"Produktai","item":"https:\/\/sgbsystems.eu\/lt\/produktai\/"},{"@type":"ListItem","position":3,"name":"Kiti gaminiai"}]},{"@type":"WebSite","@id":"https:\/\/sgbsystems.eu\/#website","url":"https:\/\/sgbsystems.eu\/","name":"SGB","description":"STEEL GLASS BALUSTRDE","potentialAction":[{"@type":"SearchAction","target":{"@type":"EntryPoint","urlTemplate":"https:\/\/sgbsystems.eu\/?s={search_term_string}"},"query-input":"required name=search_term_string"}],"inLanguage":"lt-LT"}]}},"_links":{"self":[{"href":"https:\/\/sgbsystems.eu\/lt\/wp-json\/wp\/v2\/pages\/135"}],"collection":[{"href":"https:\/\/sgbsystems.eu\/lt\/wp-json\/wp\/v2\/pages"}],"about":[{"href":"https:\/\/sgbsystems.eu\/lt\/wp-json\/wp\/v2\/types\/page"}],"author":[{"embeddable":true,"href":"https:\/\/sgbsystems.eu\/lt\/wp-json\/wp\/v2\/users\/1"}],"replies":[{"embeddable":true,"href":"https:\/\/sgbsystems.eu\/lt\/wp-json\/wp\/v2\/comments?post=135"}],"version-history":[{"count":24,"href":"https:\/\/sgbsystems.eu\/lt\/wp-json\/wp\/v2\/pages\/135\/revisions"}],"predecessor-version":[{"id":2064,"href":"https:\/\/sgbsystems.eu\/lt\/wp-json\/wp\/v2\/pages\/135\/revisions\/2064"}],"up":[{"embeddable":true,"href":"https:\/\/sgbsystems.eu\/lt\/wp-json\/wp\/v2\/pages\/13"}],"wp:featuredmedia":[{"embeddable":true,"href":"https:\/\/sgbsystems.eu\/lt\/wp-json\/wp\/v2\/media\/804"}],"wp:attachment":[{"href":"https:\/\/sgbsystems.eu\/lt\/wp-json\/wp\/v2\/media?parent=135"}],"curies":[{"name":"wp","href":"https:\/\/api.w.org\/{rel}","templated":true}]}}